{"id":102,"date":"2020-09-22T15:58:58","date_gmt":"2020-09-22T13:58:58","guid":{"rendered":"http:\/\/wordpress.axsysnet.de\/?page_id=102"},"modified":"2020-10-07T08:26:43","modified_gmt":"2020-10-07T06:26:43","slug":"produkte","status":"publish","type":"page","link":"https:\/\/axsysnet.de\/Home\/produkte\/","title":{"rendered":"Produkte"},"content":{"rendered":"<p>[et_pb_section fb_built=&#8220;1&#8243; fullwidth=&#8220;on&#8220; _builder_version=&#8220;4.0.11&#8243;][et_pb_fullwidth_header title=&#8220;Unsere Produkte und Leistungen&#8220; header_fullscreen=&#8220;on&#8220; header_scroll_down=&#8220;on&#8220; scroll_down_icon=&#8220;%%1%%&#8220; button_one_text=&#8220;Netzwerkl\u00f6sungen&#8220; button_one_url=&#8220;#Netzwerkloesungen&#8220; button_two_text=&#8220;axFlowStore\u00a9 Solution&#8220; button_two_url=&#8220;#axFlowStore&#8220; _builder_version=&#8220;4.0.11&#8243; title_text_color=&#8220;#000000&#8243; title_font_size=&#8220;47px&#8220; title_letter_spacing=&#8220;6px&#8220; content_text_color=&#8220;#000000&#8243; content_font_size=&#8220;18px&#8220; background_enable_color=&#8220;off&#8220; background_image=&#8220;https:\/\/axsysnet.de\/Home\/wp-content\/uploads\/2020\/09\/play-stone-1237457_1920.jpg&#8220; custom_button_one=&#8220;on&#8220; button_one_text_color=&#8220;#ffffff&#8220; custom_button_two=&#8220;on&#8220; hover_enabled=&#8220;0&#8243; title_font_size_tablet=&#8220;38px&#8220; title_font_size_phone=&#8220;32px&#8220; title_font_size_last_edited=&#8220;on|desktop&#8220; title_letter_spacing_tablet=&#8220;0px&#8220; title_letter_spacing_phone=&#8220;&#8220; title_letter_spacing_last_edited=&#8220;on|desktop&#8220; content_font_size_tablet=&#8220;14px&#8220; content_font_size_phone=&#8220;13px&#8220; content_font_size_last_edited=&#8220;on|phone&#8220; content_line_height_tablet=&#8220;&#8220; content_line_height_phone=&#8220;1.4em&#8220; content_line_height_last_edited=&#8220;on|desktop&#8220; title_text_shadow_style=&#8220;preset1&#8243; button_one_text_shadow_style=&#8220;preset1&#8243; button_two_text_shadow_style=&#8220;preset1&#8243; text_shadow_style=&#8220;preset1&#8243; button_two_text_color=&#8220;#ffffff&#8220; button_two_bg_color=&#8220;#2a3261&#8243; button_two_bg_enable_color=&#8220;on&#8220; button_one_bg_color=&#8220;#2a3261&#8243; button_one_bg_enable_color=&#8220;on&#8220;]<\/p>\n<p>Das Leistungsspektrum der axsysNET AG erstreckt sich von der Strategieberatung \u00fcber Gesch\u00e4ftsprozessanalysen, organisatorische Sollkonzeptionen, bis zum Entwurf von komplexen IT-Architekturen und deren Umsetzung.<\/p>\n<p>[\/et_pb_fullwidth_header][\/et_pb_section][et_pb_section fb_built=&#8220;1&#8243; module_id=&#8220;Netzwerkloesungen&#8220; _builder_version=&#8220;4.0.11&#8243; background_color=&#8220;#ffffff&#8220;][et_pb_row column_structure=&#8220;3_4,1_4&#8243; _builder_version=&#8220;4.0.11&#8243;][et_pb_column type=&#8220;3_4&#8243; _builder_version=&#8220;4.0.11&#8243;][et_pb_text _builder_version=&#8220;4.0.11&#8243;]<\/p>\n<h2>Netzwerkl\u00f6sungen<\/h2>\n<p style=\"text-align: justify;\">Bei der Schaffung eines Virtual Private Network (VPN), einer Vernetzung der Unternehmensteile und der Mitarbeiter \u00fcber \u00f6ffentliche Netze (z.B. das Internet), erfolgt die Trennung von der \u00f6ffentlichen Kommunikation durch verschl\u00fcsselte \u00dcbertragung (Tunnel).<\/p>\n<p style=\"text-align: justify;\">Virtual Private Network ist der Oberbegriff f\u00fcr die technischen M\u00f6glichkeiten verschiedene Standorte oder Benutzer durch verschl\u00fcsselte Tunnel, besonders \u00fcber das Internet als Medium, miteinander zu verbinden. Die daraus unmittelbar entstehenden Vorteile sind:<\/p>\n<ul style=\"text-align: justify;\">\n<li>Kostenminimierung<\/li>\n<li>h\u00f6chstes Mass an Sicherheit durch Verschl\u00fcsselung<\/li>\n<li>mobile Anbindung verschiedener Standorte \u00fcber das Internet<\/li>\n<li>weltweit Einsatzm\u00f6glichkeit<\/li>\n<\/ul>\n<p style=\"text-align: justify;\">Die komplexen Kommunikationsbeziehungen der modernen Gesch\u00e4ftsprozesse erfordern eine kompetente Auswahl des passenden Systems und seine Einbindung in eine unternehmensweite Sicherheitsrichtlinie (Security Policy). In dieser sind die Ziele des Unternehmens Sicherheitsfragen festlegt und die organisatorische Umsetzung aller Sicherheitsma\u00dfnahmen definiert.<\/p>\n<p style=\"text-align: justify;\">Das ist die St\u00e4rke eines VPN aus dem Haus axsysNET AG: es f\u00fchrt Standorte und Ressourcen schl\u00fcsselfertig und permanent gewartet zusammen. Das ist \u00fcber das Internet bis zu 65% billiger als mit herk\u00f6mmlichen Techniken.<\/p>\n<p>[\/et_pb_text][\/et_pb_column][et_pb_column type=&#8220;1_4&#8243; _builder_version=&#8220;4.0.11&#8243;][et_pb_testimonial author=&#8220;Christian Fuchs&#8220; job_title=&#8220;Dipl. Wirt.-Ing&#8220; portrait_url=&#8220;https:\/\/axsysnet.de\/Home\/wp-content\/uploads\/2020\/09\/paper-3309829_1920.jpg&#8220; _builder_version=&#8220;4.0.11&#8243;]<\/p>\n<h4>Ansprechpartner Netzwerkl\u00f6sung<\/h4>\n<p>[\/et_pb_testimonial][\/et_pb_column][\/et_pb_row][\/et_pb_section][et_pb_section fb_built=&#8220;1&#8243; module_id=&#8220;axFlowStore&#8220; _builder_version=&#8220;4.0.11&#8243; background_color=&#8220;#680001&#8243;][et_pb_row column_structure=&#8220;1_4,3_4&#8243; _builder_version=&#8220;4.0.11&#8243;][et_pb_column type=&#8220;1_4&#8243; _builder_version=&#8220;4.0.11&#8243;][et_pb_testimonial author=&#8220;Christian Fuchs&#8220; job_title=&#8220;Dipl. Wirt.-Ing&#8220; portrait_url=&#8220;https:\/\/axsysnet.de\/Home\/wp-content\/uploads\/2020\/09\/paper-3309829_1920.jpg&#8220; _builder_version=&#8220;4.0.11&#8243;]<\/p>\n<h4>Ansprechpartner axFlowStore\u00a9 Solution<\/h4>\n<p>[\/et_pb_testimonial][\/et_pb_column][et_pb_column type=&#8220;3_4&#8243; _builder_version=&#8220;4.0.11&#8243;][et_pb_text _builder_version=&#8220;4.0.11&#8243; text_text_color=&#8220;#b3b3b3&#8243; header_text_color=&#8220;#ffffff&#8220; header_2_text_color=&#8220;#ffffff&#8220;]<\/p>\n<h2>axFlowStore\u00a9 Solution<\/h2>\n<p style=\"text-align: justify;\">Warenwirtschaftssysteme aus dem Hause axsysNET bilden die Grundlage moderner Beschaffungs- und Vertriebsstrukturen. axFlowStore\u00a9 Solution die Merkmale<\/p>\n<p style=\"text-align: justify;\">Das wesentliche Merkmal von axFlowStore\u00a9 Solution ist die Vernetzung der Warenwirtschaft-, Lagerverwaltungssoftware sowie der Versand- und Retourenmodule. Dieser Art der Automatisierung schafft Transparenz und reduziert die Kosten im Prozess Auftragsabwicklung. So ist eine dynamische Lagerverwaltung mit kurzen Bearbeitungszeiten m\u00f6glich. Alle relevanten Daten sind f\u00fcr Clients und Controlling jederzeit verf\u00fcgbar.<\/p>\n<p style=\"text-align: justify;\">Die modular aufgebaute Lagerhandlingsoftware steuert die Warenlagerung, die Auftragsbearbeitung und die Kommissionierung:<\/p>\n<p style=\"text-align: justify;\">Bei Wareneingang werden die Artikel mit allen Produkt-informationen und dem Einlagerungsort erfasst. \u00a0\u00a0\u00a0\u00a0\u00a0\u00a0\u00a0\u00a0\u00a0\u00a0\u00a0\u00a0\u00a0\u00a0 \u00a0\u00a0\u00a0\u00a0\u00a0\u00a0\u00a0\u00a0\u00a0\u00a0\u00a0\u00a0\u00a0\u00a0\u00a0 Ein im Warenwirtschafts-system fakturierter Auftrag gelangt automatisch in die Lagerverwaltungssoftware. Diese reserviert, ordnet und lagert die entsprechenden Artikel aus. Selbstverst\u00e4ndlich unterst\u00fctz axFlowStore\u00a9 Solution das fachgerechtes VDA-Handling und bietet somit einen professionellen Standard. Informationsmanagement ist ein klassischer Sektor der axsysNET AG. Wir betrachten die Informationstechnologie im Zusammenhang mit den Gesch\u00e4ftsprozessen, und der Organisation. Diese Felder analysieren wir unter den Gesichtspunkten der Wirtschaftlichkeit und der Strategie.<\/p>\n<p>&nbsp;<\/p>\n<p>[\/et_pb_text][\/et_pb_column][\/et_pb_row][\/et_pb_section]<\/p>\n","protected":false},"excerpt":{"rendered":"<p>[et_pb_section fb_built=&#8220;1&#8243; fullwidth=&#8220;on&#8220; _builder_version=&#8220;4.0.11&#8243;][et_pb_fullwidth_header title=&#8220;Unsere Produkte und Leistungen&#8220; header_fullscreen=&#8220;on&#8220; header_scroll_down=&#8220;on&#8220; scroll_down_icon=&#8220;%%1%%&#8220; button_one_text=&#8220;Netzwerkl\u00f6sungen&#8220; button_one_url=&#8220;#Netzwerkloesungen&#8220; button_two_text=&#8220;axFlowStore\u00a9 Solution&#8220; button_two_url=&#8220;#axFlowStore&#8220; _builder_version=&#8220;4.0.11&#8243; title_text_color=&#8220;#000000&#8243; title_font_size=&#8220;47px&#8220; title_letter_spacing=&#8220;6px&#8220; content_text_color=&#8220;#000000&#8243; content_font_size=&#8220;18px&#8220; background_enable_color=&#8220;off&#8220; background_image=&#8220;https:\/\/axsysnet.de\/Home\/wp-content\/uploads\/2020\/09\/play-stone-1237457_1920.jpg&#8220; custom_button_one=&#8220;on&#8220; button_one_text_color=&#8220;#ffffff&#8220; custom_button_two=&#8220;on&#8220; hover_enabled=&#8220;0&#8243; title_font_size_tablet=&#8220;38px&#8220; title_font_size_phone=&#8220;32px&#8220; title_font_size_last_edited=&#8220;on|desktop&#8220; title_letter_spacing_tablet=&#8220;0px&#8220; title_letter_spacing_phone=&#8220;&#8220; title_letter_spacing_last_edited=&#8220;on|desktop&#8220; content_font_size_tablet=&#8220;14px&#8220; content_font_size_phone=&#8220;13px&#8220; content_font_size_last_edited=&#8220;on|phone&#8220; content_line_height_tablet=&#8220;&#8220; content_line_height_phone=&#8220;1.4em&#8220; content_line_height_last_edited=&#8220;on|desktop&#8220; title_text_shadow_style=&#8220;preset1&#8243; button_one_text_shadow_style=&#8220;preset1&#8243; button_two_text_shadow_style=&#8220;preset1&#8243; text_shadow_style=&#8220;preset1&#8243; button_two_text_color=&#8220;#ffffff&#8220; button_two_bg_color=&#8220;#2a3261&#8243; button_two_bg_enable_color=&#8220;on&#8220; button_one_bg_color=&#8220;#2a3261&#8243; button_one_bg_enable_color=&#8220;on&#8220;] Das Leistungsspektrum der axsysNET AG erstreckt [&hellip;]<\/p>\n","protected":false},"author":1,"featured_media":0,"parent":0,"menu_order":0,"comment_status":"closed","ping_status":"closed","template":"","meta":{"_et_pb_use_builder":"on","_et_pb_old_content":""},"_links":{"self":[{"href":"https:\/\/axsysnet.de\/Home\/wp-json\/wp\/v2\/pages\/102"}],"collection":[{"href":"https:\/\/axsysnet.de\/Home\/wp-json\/wp\/v2\/pages"}],"about":[{"href":"https:\/\/axsysnet.de\/Home\/wp-json\/wp\/v2\/types\/page"}],"author":[{"embeddable":true,"href":"https:\/\/axsysnet.de\/Home\/wp-json\/wp\/v2\/users\/1"}],"replies":[{"embeddable":true,"href":"https:\/\/axsysnet.de\/Home\/wp-json\/wp\/v2\/comments?post=102"}],"version-history":[{"count":14,"href":"https:\/\/axsysnet.de\/Home\/wp-json\/wp\/v2\/pages\/102\/revisions"}],"predecessor-version":[{"id":201,"href":"https:\/\/axsysnet.de\/Home\/wp-json\/wp\/v2\/pages\/102\/revisions\/201"}],"wp:attachment":[{"href":"https:\/\/axsysnet.de\/Home\/wp-json\/wp\/v2\/media?parent=102"}],"curies":[{"name":"wp","href":"https:\/\/api.w.org\/{rel}","templated":true}]}}