{"id":11,"date":"2020-08-26T10:30:55","date_gmt":"2020-08-26T08:30:55","guid":{"rendered":"http:\/\/wordpress.axsysnet.de\/?page_id=11"},"modified":"2021-08-16T11:43:33","modified_gmt":"2021-08-16T09:43:33","slug":"startseite","status":"publish","type":"page","link":"https:\/\/axsysnet.de\/Home\/","title":{"rendered":"Startseite"},"content":{"rendered":"<p>[et_pb_section fb_built=&#8220;1&#8243; fullwidth=&#8220;on&#8220; _builder_version=&#8220;4.0.11&#8243;][et_pb_fullwidth_slider use_bg_overlay=&#8220;off&#8220; use_text_overlay=&#8220;off&#8220; _builder_version=&#8220;4.0.11&#8243; custom_padding=&#8220;185px|||||&#8220; auto=&#8220;on&#8220; auto_speed=&#8220;4000&#8243;][et_pb_slide heading=&#8220;Herzlich Willkommen&#8220; _builder_version=&#8220;4.0.11&#8243; header_level=&#8220;h1&#8243; header_text_align=&#8220;center&#8220; header_text_color=&#8220;#ffffff&#8220; header_font_size=&#8220;100px&#8220; header_letter_spacing=&#8220;9px&#8220; body_font_size=&#8220;31px&#8220; body_line_height=&#8220;1.2em&#8220; background_image=&#8220;https:\/\/axsysnet.de\/Home\/wp-content\/uploads\/2020\/09\/work-731198_1920.jpg&#8220; background_enable_image=&#8220;on&#8220; header_font_size_tablet=&#8220;69px&#8220; header_font_size_phone=&#8220;56px&#8220; header_font_size_last_edited=&#8220;on|desktop&#8220; header_letter_spacing_tablet=&#8220;6px&#8220; header_letter_spacing_phone=&#8220;2px&#8220; header_letter_spacing_last_edited=&#8220;on|desktop&#8220; body_font_size_tablet=&#8220;22px&#8220; body_font_size_phone=&#8220;15px&#8220; body_font_size_last_edited=&#8220;on|phone&#8220; header_text_shadow_style=&#8220;preset2&#8243; body_text_shadow_style=&#8220;preset1&#8243; border_radii_image=&#8220;on|22px|22px|22px|22px&#8220; box_shadow_style_image=&#8220;preset1&#8243;]<img loading=\"lazy\" src=\"https:\/\/axsysnet.de\/Home\/wp-content\/uploads\/2020\/08\/LogoaxsysNET-300x63.jpg\" alt=\"\" class=\"wp-image-18 alignnone size-medium\" width=\"300\" height=\"63\" srcset=\"https:\/\/axsysnet.de\/Home\/wp-content\/uploads\/2020\/08\/LogoaxsysNET-300x63.jpg 300w, https:\/\/axsysnet.de\/Home\/wp-content\/uploads\/2020\/08\/LogoaxsysNET-1024x216.jpg 1024w, https:\/\/axsysnet.de\/Home\/wp-content\/uploads\/2020\/08\/LogoaxsysNET-768x162.jpg 768w, https:\/\/axsysnet.de\/Home\/wp-content\/uploads\/2020\/08\/LogoaxsysNET-1536x324.jpg 1536w, https:\/\/axsysnet.de\/Home\/wp-content\/uploads\/2020\/08\/LogoaxsysNET-2048x432.jpg 2048w, https:\/\/axsysnet.de\/Home\/wp-content\/uploads\/2020\/08\/LogoaxsysNET-1080x228.jpg 1080w, https:\/\/axsysnet.de\/Home\/wp-content\/uploads\/2020\/08\/LogoaxsysNET-1280x270.jpg 1280w, https:\/\/axsysnet.de\/Home\/wp-content\/uploads\/2020\/08\/LogoaxsysNET-980x206.jpg 980w, https:\/\/axsysnet.de\/Home\/wp-content\/uploads\/2020\/08\/LogoaxsysNET-480x101.jpg 480w\" sizes=\"(max-width: 300px) 100vw, 300px\" \/><\/p>\n<p>Ihr zuverl\u00e4ssiger Partner f\u00fcr Softwarel\u00f6sungen und Warenwirtschaftssysteme f\u00fcr moderne Beschaffungs- und Vertriebsstrukturen[\/et_pb_slide][et_pb_slide heading=&#8220;Herzlich Willkommen&#8220; _builder_version=&#8220;4.0.11&#8243; header_level=&#8220;h1&#8243; header_text_align=&#8220;center&#8220; header_text_color=&#8220;#ffffff&#8220; header_font_size=&#8220;100px&#8220; header_letter_spacing=&#8220;9px&#8220; body_font_size=&#8220;31px&#8220; body_line_height=&#8220;1.2em&#8220; background_image=&#8220;https:\/\/axsysnet.de\/Home\/wp-content\/uploads\/2020\/09\/cyberspace-2784907_1920.jpg&#8220; background_enable_image=&#8220;on&#8220; header_font_size_tablet=&#8220;69px&#8220; header_font_size_phone=&#8220;56px&#8220; header_font_size_last_edited=&#8220;on|desktop&#8220; header_letter_spacing_tablet=&#8220;6px&#8220; header_letter_spacing_phone=&#8220;2px&#8220; header_letter_spacing_last_edited=&#8220;on|desktop&#8220; body_font_size_tablet=&#8220;22px&#8220; body_font_size_phone=&#8220;15px&#8220; body_font_size_last_edited=&#8220;on|phone&#8220; header_text_shadow_style=&#8220;preset2&#8243; body_text_shadow_style=&#8220;preset1&#8243; border_radii_image=&#8220;on|22px|22px|22px|22px&#8220; box_shadow_style_image=&#8220;preset1&#8243;]<\/p>\n<p><img loading=\"lazy\" src=\"https:\/\/axsysnet.de\/wp-content\/uploads\/2020\/08\/LogoaxsysNET-300x63.jpg\" width=\"300\" height=\"63\" alt=\"\" class=\"wp-image-18 alignnone size-medium\" srcset=\"https:\/\/axsysnet.de\/Home\/wp-content\/uploads\/2020\/08\/LogoaxsysNET-300x63.jpg 300w, https:\/\/axsysnet.de\/Home\/wp-content\/uploads\/2020\/08\/LogoaxsysNET-1024x216.jpg 1024w, https:\/\/axsysnet.de\/Home\/wp-content\/uploads\/2020\/08\/LogoaxsysNET-768x162.jpg 768w, https:\/\/axsysnet.de\/Home\/wp-content\/uploads\/2020\/08\/LogoaxsysNET-1536x324.jpg 1536w, https:\/\/axsysnet.de\/Home\/wp-content\/uploads\/2020\/08\/LogoaxsysNET-2048x432.jpg 2048w, https:\/\/axsysnet.de\/Home\/wp-content\/uploads\/2020\/08\/LogoaxsysNET-1080x228.jpg 1080w, https:\/\/axsysnet.de\/Home\/wp-content\/uploads\/2020\/08\/LogoaxsysNET-1280x270.jpg 1280w, https:\/\/axsysnet.de\/Home\/wp-content\/uploads\/2020\/08\/LogoaxsysNET-980x206.jpg 980w, https:\/\/axsysnet.de\/Home\/wp-content\/uploads\/2020\/08\/LogoaxsysNET-480x101.jpg 480w\" sizes=\"(max-width: 300px) 100vw, 300px\" \/><\/p>\n<p>Ihr zuverl\u00e4ssiger Partner f\u00fcr Infrastruktur und Software f\u00fcr Logistikunternehmen<\/p>\n<p>[\/et_pb_slide][\/et_pb_fullwidth_slider][\/et_pb_section][et_pb_section fb_built=&#8220;1&#8243; _builder_version=&#8220;4.0.11&#8243;][et_pb_row _builder_version=&#8220;4.0.11&#8243;][et_pb_column type=&#8220;4_4&#8243; _builder_version=&#8220;4.0.11&#8243;][et_pb_text _builder_version=&#8220;4.0.11&#8243;]<\/p>\n<h1 class=\"av-special-heading-tag \" itemprop=\"headline\">H\u00f6chste Effizienz \u2013 Klasse statt Masse<\/h1>\n<p>Supply Chain Management und Integration ist ohne den Einsatz von Informations- und Kommunikationstechnik kaum mehr denkbar.<br \/> Als Spezialist f\u00fcr IT-Services und IT-Solutions sind wir haupts\u00e4chlich in Deutschland t\u00e4tig. Wir beraten und betreuen Unternehmen kostenbewusst in den Bereichen Warenwirtschaft, Client-\/ ServerSysteme und Netzwerke, organisatorisch Integration und DV-technischen Integration.<\/p>\n<p>Wir sind spezialisiert auf kompetente Planung, Betreuung und Integration in den Bereichen:<\/p>\n<p>\u2022 Optimierung produktiver Gesch\u00e4ftsprozesse und Einf\u00fchrung neuer Unternehmensstrukturen<br \/> \u2022 Analyse vorhandener IT-Infrastrukturen<br \/> \u2022 Entscheidungshilfen bei der Auswahl ad\u00e4quater Logistik- und Supply Chain Software<\/p>\n<p>[\/et_pb_text][\/et_pb_column][\/et_pb_row][\/et_pb_section][et_pb_section fb_built=&#8220;1&#8243; _builder_version=&#8220;4.0.11&#8243; background_image=&#8220;https:\/\/axsysnet.de\/Home\/wp-content\/uploads\/2020\/09\/analytics-3088958_1920.jpg&#8220;][et_pb_row column_structure=&#8220;1_4,1_4,1_4,1_4&#8243; _builder_version=&#8220;4.0.11&#8243; background_color=&#8220;#2a2c5d&#8220;][et_pb_column type=&#8220;1_4&#8243; _builder_version=&#8220;4.0.11&#8243;][et_pb_number_counter title=&#8220;Jahre Erfahrung&#8220; number=&#8220;21&#8243; percent_sign=&#8220;off&#8220; _builder_version=&#8220;4.0.11&#8243; number_text_color=&#8220;#ffffff&#8220; background_layout=&#8220;dark&#8220;][\/et_pb_number_counter][\/et_pb_column][et_pb_column type=&#8220;1_4&#8243; _builder_version=&#8220;4.0.11&#8243;][et_pb_number_counter title=&#8220;Neue Auszubildende&#8220; number=&#8220;3&#8243; percent_sign=&#8220;off&#8220; _builder_version=&#8220;4.0.11&#8243; number_text_color=&#8220;#ffffff&#8220; background_layout=&#8220;dark&#8220;][\/et_pb_number_counter][\/et_pb_column][et_pb_column type=&#8220;1_4&#8243; _builder_version=&#8220;4.0.11&#8243;][et_pb_number_counter title=&#8220;EDI Partner&#8220; number=&#8220;199&#8243; percent_sign=&#8220;off&#8220; _builder_version=&#8220;4.0.11&#8243; number_text_color=&#8220;#ffffff&#8220; background_layout=&#8220;dark&#8220;][\/et_pb_number_counter][\/et_pb_column][et_pb_column type=&#8220;1_4&#8243; _builder_version=&#8220;4.0.11&#8243;][et_pb_number_counter title=&#8220;Nachrichtenformate&#8220; number=&#8220;625&#8243; percent_sign=&#8220;off&#8220; _builder_version=&#8220;4.0.11&#8243; number_text_color=&#8220;#ffffff&#8220; background_layout=&#8220;dark&#8220;][\/et_pb_number_counter][\/et_pb_column][\/et_pb_row][\/et_pb_section][et_pb_section fb_built=&#8220;1&#8243; module_id=&#8220;Produkte&#8220; _builder_version=&#8220;4.0.11&#8243;][et_pb_row _builder_version=&#8220;4.0.11&#8243;][et_pb_column type=&#8220;4_4&#8243; _builder_version=&#8220;4.0.11&#8243;][et_pb_text _builder_version=&#8220;4.0.11&#8243;]<\/p>\n<h2>Unserer Produkte und Leistungen im \u00dcberblick<\/h2>\n<p>Als Spezialist f\u00fcr hochintegrierte Systeme planen, realisieren und betreiben wir kundenspezifische L\u00f6sungen f\u00fcr die Bereiche Logistik und Kommunikation \u00fcber Intranet und BackOffice. Wir bieten Ihnen standardisierte und modular aufgebaute Software.<\/p>\n<p>[\/et_pb_text][\/et_pb_column][\/et_pb_row][et_pb_row column_structure=&#8220;1_2,1_2&#8243; _builder_version=&#8220;4.0.11&#8243;][et_pb_column type=&#8220;1_2&#8243; _builder_version=&#8220;4.0.11&#8243;][et_pb_image src=&#8220;https:\/\/axsysnet.de\/Home\/wp-content\/uploads\/2020\/08\/banner1-slideshow-1024&#215;513-1.jpg&#8220; _builder_version=&#8220;4.0.11&#8243;][\/et_pb_image][\/et_pb_column][et_pb_column type=&#8220;1_2&#8243; _builder_version=&#8220;4.0.11&#8243;][et_pb_text _builder_version=&#8220;4.0.11&#8243;]<\/p>\n<p>Das Leistungsspektrum der axsysNET AG erstreckt sich von der Strategieberatung \u00fcber Gesch\u00e4ftsprozessanalysen, organisatorische Sollkonzeptionen, bis zum Entwurf von komplexen IT-Architekturen und deren Umsetzung.<\/p>\n<ul>\n<li>Wir entwickeln Infrastrukturen und Software f\u00fcr Logistik-unternehmen um Ihnen die gesamte Supply Chain Performance anbieten zu k\u00f6nnen.<\/li>\n<li>\u00a0Die weltweite Vernetzung von Unternehmen, mittels moderner Kommunikationstechniken, er\u00f6ffnet neue Chancen. Im Gesch\u00e4ftsfeld der Warenwirtschaft, Client-\/ Serversystemen und Netzwerken.<\/li>\n<\/ul>\n<p>[\/et_pb_text][et_pb_button button_url=&#8220;@ET-DC@eyJkeW5hbWljIjp0cnVlLCJjb250ZW50IjoicG9zdF9saW5rX3VybF9wYWdlIiwic2V0dGluZ3MiOnsicG9zdF9pZCI6IjEwMiJ9fQ==@&#8220; button_text=&#8220;Unsere Produkte und Leistungen&#8220; button_alignment=&#8220;center&#8220; _builder_version=&#8220;4.0.11&#8243; _dynamic_attributes=&#8220;button_url&#8220; custom_button=&#8220;on&#8220; button_use_icon=&#8220;off&#8220; animation_style=&#8220;slide&#8220;][\/et_pb_button][\/et_pb_column][\/et_pb_row][\/et_pb_section][et_pb_section fb_built=&#8220;1&#8243; module_id=&#8220;Unternehmen&#8220; _builder_version=&#8220;4.0.11&#8243; background_image=&#8220;https:\/\/axsysnet.de\/Home\/wp-content\/uploads\/2020\/09\/earth-2254769_1920.jpg&#8220; parallax=&#8220;on&#8220;][et_pb_row column_structure=&#8220;2_3,1_3&#8243; _builder_version=&#8220;4.0.11&#8243;][et_pb_column type=&#8220;2_3&#8243; _builder_version=&#8220;4.0.11&#8243;][et_pb_cta title=&#8220;Unternehmen&#8220; button_text=&#8220;Klicks&#8220; _builder_version=&#8220;4.0.11&#8243;]<\/p>\n<p>Unser Unternehmen hat sich fr\u00fchzeitig auf die Ver\u00e4nderungen im europ\u00e4ischen Markt eingestellt. Wir haben unseren technologischen Vorsprung genutzt, um unsere Marktposition auszubauen und unsere Kunden auf ihrem Weg in die Zukunft zu begleiten.<\/p>\n<p>Wir begleiten als Architekt und Generalunternehmer alle Schritte zum digitalen Unternehmen. Die Vorteile liegen auf der Hand. Digitale Unternehmen besitzen die Wettbewerbsvorteile von morgen.<\/p>\n<p>Alle Mitarbeiter und Mitarbeiterinnen der axsysNET AG, aus den Bereichen der Organisation, der Entwicklung, oder der Administration engagieren sich im Kollektiv f\u00fcr Ihren Erfolg. Das k\u00f6nnen wir garantieren, da wir hohe Anspr\u00fcche an die Qualit\u00e4t unserer Produkte und an uns selbst stellen.<\/p>\n<p>Wir erwarten von unseren Mitarbeitern Eigeninitiative, Kreativit\u00e4t und die Bereitschaft, sich auf die st\u00e4ndig wechselnden Anforderungen unserer Kunden schnell und zuverl\u00e4ssig einzustellen.<\/p>\n<p>[\/et_pb_cta][\/et_pb_column][et_pb_column type=&#8220;1_3&#8243; _builder_version=&#8220;4.0.11&#8243;][et_pb_testimonial author=&#8220;Christian Fuchs &#8220; job_title=&#8220;Dipl. Wirt.-Ing&#8220; company_name=&#8220;axsysNET AG&#8220; portrait_url=&#8220;https:\/\/axsysnet.de\/Home\/wp-content\/uploads\/2020\/09\/paper-3309829_1920.jpg&#8220; _builder_version=&#8220;4.0.11&#8243; animation_style=&#8220;zoom&#8220;]<\/p>\n<p>Wollen Sie uns direkt anrufen? F\u00fcr ein informatives Gespr\u00e4ch stehen wir Ihnen gerne unter Telefon +49 (711) 510 9748 0, oder +49 (711) 510 9748 199 zur Verf\u00fcgung.<\/p>\n<p>&nbsp;<\/p>\n<h3>Ansprechpartner<\/h3>\n<p>[\/et_pb_testimonial][et_pb_button button_url=&#8220;http:\/\/old.axsysnet.de&#8220; url_new_window=&#8220;on&#8220; button_text=&#8220;Link zur alten Homepage&#8220; button_alignment=&#8220;center&#8220; _builder_version=&#8220;4.0.11&#8243; custom_button=&#8220;on&#8220; button_text_color=&#8220;#ffffff&#8220;][\/et_pb_button][\/et_pb_column][\/et_pb_row][\/et_pb_section][et_pb_section fb_built=&#8220;1&#8243; module_id=&#8220;Ausbildung&#8220; _builder_version=&#8220;4.0.11&#8243;][et_pb_row column_structure=&#8220;1_2,1_2&#8243; _builder_version=&#8220;4.0.11&#8243;][et_pb_column type=&#8220;1_2&#8243; _builder_version=&#8220;4.0.11&#8243;][et_pb_image src=&#8220;https:\/\/axsysnet.de\/Home\/wp-content\/uploads\/2020\/09\/digital-marketing-1725340_1920.jpg&#8220; _builder_version=&#8220;4.0.11&#8243;][\/et_pb_image][\/et_pb_column][et_pb_column type=&#8220;1_2&#8243; _builder_version=&#8220;4.0.11&#8243;][et_pb_text _builder_version=&#8220;4.0.11&#8243;]<\/p>\n<h2>Wir bilden aus<\/h2>\n<p>Die axsysNET AG stellt sich den Anforderungen einer qualifizierten Berufsausbildung. Wir bieten ein breites Spektrum an Ausbildungs- und Studienm\u00f6glichkeiten.<\/p>\n<p>[\/et_pb_text][et_pb_toggle title=&#8220;Studium an der Dualen Hochschule DHBW&#8220; _builder_version=&#8220;4.0.11&#8243;]<\/p>\n<p>Studium- oder Praktikumsplatz f\u00fcr den Studiengang:<\/p>\n<ul>\n<li>Informatik (Bachelor of Eng.)<\/li>\n<\/ul>\n<p>[\/et_pb_toggle][et_pb_toggle title=&#8220;Betriebliche Ausbildung&#8220; _builder_version=&#8220;4.0.11&#8243;]<\/p>\n<p>Ausbildungsplatz f\u00fcr Fachinformatiker\/-in in den Fachrichtungen:<\/p>\n<ul>\n<li>Systemintegration<\/li>\n<li>Anwendungsentwicklung <\/li>\n<\/ul>\n<p>[\/et_pb_toggle][et_pb_button button_url=&#8220;@ET-DC@eyJkeW5hbWljIjp0cnVlLCJjb250ZW50IjoicG9zdF9saW5rX3VybF9wYWdlIiwic2V0dGluZ3MiOnsicG9zdF9pZCI6IjE1MyJ9fQ==@&#8220; button_text=&#8220;Erfahre mehr&#8220; _builder_version=&#8220;4.0.11&#8243; _dynamic_attributes=&#8220;button_url&#8220;][\/et_pb_button][\/et_pb_column][\/et_pb_row][et_pb_row _builder_version=&#8220;4.0.11&#8243;][et_pb_column type=&#8220;4_4&#8243; _builder_version=&#8220;4.0.11&#8243;][et_pb_cta title=&#8220;Bewirb dich jetzt&#8220; button_text=&#8220;Klicks&#8220; _builder_version=&#8220;4.0.11&#8243; animation_style=&#8220;slide&#8220;]<\/p>\n<p>Sie erwarten alles von Ihrem Job &#8211; nur nichts Durchschnittliches? Wir bieten Ihnen Herausforderung und Verantwortung, Qualifikationen und ein motiviertes sowie erfahrenes Team. Die axsysNET AG stellt sich seit ihrer Gr\u00fcndung den Anforderungen einer qualifizierten Berufsausbilden. Um eine erfolgreiche Ausbildung gew\u00e4hrleisten zu k\u00f6nnen, setzen wir auf gute bis sehr gute Startvoraussetzungen. Was verstehen wir darunter?<\/p>\n<p>Au\u00dfergew\u00f6hnliche Leistungsbereitschaft, Verantwortungsbewusstsein und ein Schulabschluss mit sehr guten bis guten Noten, und dem Schwerpunkt in den naturwissenschaftlichen F\u00e4chern.<\/p>\n<p>[\/et_pb_cta][\/et_pb_column][\/et_pb_row][\/et_pb_section][et_pb_section fb_built=&#8220;1&#8243; module_id=&#8220;Kontakt&#8220; _builder_version=&#8220;4.0.11&#8243; background_image=&#8220;https:\/\/axsysnet.de\/Home\/wp-content\/uploads\/2020\/09\/fiber-4814456_1920.jpg&#8220; parallax=&#8220;on&#8220;][et_pb_row _builder_version=&#8220;4.0.11&#8243; background_color=&#8220;rgba(114,114,114,0.51)&#8220; custom_padding=&#8220;12px|12px|12px|12px|true|true&#8220; hover_enabled=&#8220;0&#8243; border_radii=&#8220;on|16px|16px|16px|16px&#8220; box_shadow_style=&#8220;preset1&#8243;][et_pb_column type=&#8220;4_4&#8243; _builder_version=&#8220;4.0.11&#8243;][et_pb_text _builder_version=&#8220;4.0.11&#8243; text_text_color=&#8220;#ffffff&#8220; header_text_color=&#8220;#ffffff&#8220; header_2_text_color=&#8220;#ffffff&#8220;]<\/p>\n<h2>So erreichen Sie uns<\/h2>\n<p>Damit wir mit Ihnen Kontakt aufnehmen k\u00f6nnen (wahlweise per Telefon, E-Mail oder auf dem Postweg), ben\u00f6tigen wir noch einige Informationen.<\/p>\n<p>[\/et_pb_text][et_pb_contact_form email=&#8220;julian.fuchs@live.de&#8220; custom_message=&#8220;Name:  %%Name%%||et_pb_line_break_holder||E-mail: %%Email%%||et_pb_line_break_holder||Telefonnummer: %%Telefonnummer%%||et_pb_line_break_holder||Nachricht: %%Message%%||et_pb_line_break_holder||&#8220; success_message=&#8220;Vielen Dank. Wir werden uns schnellstm\u00f6glich bei Ihnen melden.&#8220; _builder_version=&#8220;4.0.11&#8243; captcha_text_color=&#8220;#ffffff&#8220; custom_button=&#8220;on&#8220; button_text_color=&#8220;#ffffff&#8220; text_orientation=&#8220;left&#8220; hover_enabled=&#8220;0&#8243;][et_pb_contact_field field_id=&#8220;Name&#8220; field_title=&#8220;Name*&#8220; _builder_version=&#8220;4.0.11&#8243; button_text_size__hover_enabled=&#8220;off&#8220; button_one_text_size__hover_enabled=&#8220;off&#8220; button_two_text_size__hover_enabled=&#8220;off&#8220; button_text_color__hover_enabled=&#8220;off&#8220; button_one_text_color__hover_enabled=&#8220;off&#8220; button_two_text_color__hover_enabled=&#8220;off&#8220; button_border_width__hover_enabled=&#8220;off&#8220; button_one_border_width__hover_enabled=&#8220;off&#8220; button_two_border_width__hover_enabled=&#8220;off&#8220; button_border_color__hover_enabled=&#8220;off&#8220; button_one_border_color__hover_enabled=&#8220;off&#8220; button_two_border_color__hover_enabled=&#8220;off&#8220; button_border_radius__hover_enabled=&#8220;off&#8220; button_one_border_radius__hover_enabled=&#8220;off&#8220; button_two_border_radius__hover_enabled=&#8220;off&#8220; button_letter_spacing__hover_enabled=&#8220;off&#8220; button_one_letter_spacing__hover_enabled=&#8220;off&#8220; button_two_letter_spacing__hover_enabled=&#8220;off&#8220; button_bg_color__hover_enabled=&#8220;off&#8220; button_one_bg_color__hover_enabled=&#8220;off&#8220; button_two_bg_color__hover_enabled=&#8220;off&#8220;][\/et_pb_contact_field][et_pb_contact_field field_id=&#8220;Email&#8220; field_title=&#8220;E-Mail-Adresse*&#8220; field_type=&#8220;email&#8220; _builder_version=&#8220;4.0.11&#8243; button_text_size__hover_enabled=&#8220;off&#8220; button_one_text_size__hover_enabled=&#8220;off&#8220; button_two_text_size__hover_enabled=&#8220;off&#8220; button_text_color__hover_enabled=&#8220;off&#8220; button_one_text_color__hover_enabled=&#8220;off&#8220; button_two_text_color__hover_enabled=&#8220;off&#8220; button_border_width__hover_enabled=&#8220;off&#8220; button_one_border_width__hover_enabled=&#8220;off&#8220; button_two_border_width__hover_enabled=&#8220;off&#8220; button_border_color__hover_enabled=&#8220;off&#8220; button_one_border_color__hover_enabled=&#8220;off&#8220; button_two_border_color__hover_enabled=&#8220;off&#8220; button_border_radius__hover_enabled=&#8220;off&#8220; button_one_border_radius__hover_enabled=&#8220;off&#8220; button_two_border_radius__hover_enabled=&#8220;off&#8220; button_letter_spacing__hover_enabled=&#8220;off&#8220; button_one_letter_spacing__hover_enabled=&#8220;off&#8220; button_two_letter_spacing__hover_enabled=&#8220;off&#8220; button_bg_color__hover_enabled=&#8220;off&#8220; button_one_bg_color__hover_enabled=&#8220;off&#8220; button_two_bg_color__hover_enabled=&#8220;off&#8220;][\/et_pb_contact_field][et_pb_contact_field field_id=&#8220;Telefonnummer&#8220; field_title=&#8220;Telefonnummer&#8220; required_mark=&#8220;off&#8220; fullwidth_field=&#8220;on&#8220; _builder_version=&#8220;4.0.11&#8243;][\/et_pb_contact_field][et_pb_contact_field field_id=&#8220;Message&#8220; field_title=&#8220;Nachricht *&#8220; field_type=&#8220;text&#8220; fullwidth_field=&#8220;on&#8220; _builder_version=&#8220;4.0.11&#8243; button_text_size__hover_enabled=&#8220;off&#8220; button_one_text_size__hover_enabled=&#8220;off&#8220; button_two_text_size__hover_enabled=&#8220;off&#8220; button_text_color__hover_enabled=&#8220;off&#8220; button_one_text_color__hover_enabled=&#8220;off&#8220; button_two_text_color__hover_enabled=&#8220;off&#8220; button_border_width__hover_enabled=&#8220;off&#8220; button_one_border_width__hover_enabled=&#8220;off&#8220; button_two_border_width__hover_enabled=&#8220;off&#8220; button_border_color__hover_enabled=&#8220;off&#8220; button_one_border_color__hover_enabled=&#8220;off&#8220; button_two_border_color__hover_enabled=&#8220;off&#8220; button_border_radius__hover_enabled=&#8220;off&#8220; button_one_border_radius__hover_enabled=&#8220;off&#8220; button_two_border_radius__hover_enabled=&#8220;off&#8220; button_letter_spacing__hover_enabled=&#8220;off&#8220; button_one_letter_spacing__hover_enabled=&#8220;off&#8220; button_two_letter_spacing__hover_enabled=&#8220;off&#8220; button_bg_color__hover_enabled=&#8220;off&#8220; button_one_bg_color__hover_enabled=&#8220;off&#8220; button_two_bg_color__hover_enabled=&#8220;off&#8220;][\/et_pb_contact_field][et_pb_contact_field field_id=&#8220;Datenschutz&#8220; field_title=&#8220;Verarbeitung von personenbezogenen Daten&#8220; field_type=&#8220;checkbox&#8220; checkbox_options=&#8220;%91{%22value%22:%22Hiermit stimme ich der zweckgebundenen Verarbeitung meiner Daten zu*%22,%22checked%22:0,%22dragID%22:-1}%93&#8243; fullwidth_field=&#8220;on&#8220; _builder_version=&#8220;4.0.11&#8243; form_field_background_color=&#8220;#8f8f8f&#8220; form_field_text_color=&#8220;#ffffff&#8220; hover_enabled=&#8220;0&#8243;][\/et_pb_contact_field][\/et_pb_contact_form][et_pb_cta title=&#8220;Oder wollen Sie uns direkt anrufen?&#8220; button_text=&#8220;Klicks&#8220; _builder_version=&#8220;4.0.11&#8243; custom_margin=&#8220;0px||0px||true|false&#8220; custom_padding=&#8220;19px||19px||true|false&#8220; border_radii=&#8220;on|12px|12px|12px|12px&#8220;]<\/p>\n<p>F\u00fcr ein informatives Gespr\u00e4ch stehen wir Ihnen gerne unter Telefon +49 (711) 510 9748 0, oder +49 (711) 510 9748 199 zur Verf\u00fcgung.<\/p>\n<p>[\/et_pb_cta][\/et_pb_column][\/et_pb_row][\/et_pb_section]<\/p>\n","protected":false},"excerpt":{"rendered":"<p>[et_pb_section fb_built=&#8220;1&#8243; fullwidth=&#8220;on&#8220; _builder_version=&#8220;4.0.11&#8243;][et_pb_fullwidth_slider use_bg_overlay=&#8220;off&#8220; use_text_overlay=&#8220;off&#8220; _builder_version=&#8220;4.0.11&#8243; custom_padding=&#8220;185px|||||&#8220; auto=&#8220;on&#8220; auto_speed=&#8220;4000&#8243;][et_pb_slide heading=&#8220;Herzlich Willkommen&#8220; _builder_version=&#8220;4.0.11&#8243; header_level=&#8220;h1&#8243; header_text_align=&#8220;center&#8220; header_text_color=&#8220;#ffffff&#8220; header_font_size=&#8220;100px&#8220; header_letter_spacing=&#8220;9px&#8220; body_font_size=&#8220;31px&#8220; body_line_height=&#8220;1.2em&#8220; background_image=&#8220;https:\/\/axsysnet.de\/Home\/wp-content\/uploads\/2020\/09\/work-731198_1920.jpg&#8220; background_enable_image=&#8220;on&#8220; header_font_size_tablet=&#8220;69px&#8220; header_font_size_phone=&#8220;56px&#8220; header_font_size_last_edited=&#8220;on|desktop&#8220; header_letter_spacing_tablet=&#8220;6px&#8220; header_letter_spacing_phone=&#8220;2px&#8220; header_letter_spacing_last_edited=&#8220;on|desktop&#8220; body_font_size_tablet=&#8220;22px&#8220; body_font_size_phone=&#8220;15px&#8220; body_font_size_last_edited=&#8220;on|phone&#8220; header_text_shadow_style=&#8220;preset2&#8243; body_text_shadow_style=&#8220;preset1&#8243; border_radii_image=&#8220;on|22px|22px|22px|22px&#8220; box_shadow_style_image=&#8220;preset1&#8243;] Ihr zuverl\u00e4ssiger Partner f\u00fcr Softwarel\u00f6sungen und Warenwirtschaftssysteme f\u00fcr moderne Beschaffungs- und Vertriebsstrukturen[\/et_pb_slide][et_pb_slide heading=&#8220;Herzlich Willkommen&#8220; _builder_version=&#8220;4.0.11&#8243; header_level=&#8220;h1&#8243; header_text_align=&#8220;center&#8220; header_text_color=&#8220;#ffffff&#8220; header_font_size=&#8220;100px&#8220; header_letter_spacing=&#8220;9px&#8220; [&hellip;]<\/p>\n","protected":false},"author":1,"featured_media":0,"parent":0,"menu_order":0,"comment_status":"closed","ping_status":"closed","template":"","meta":{"_et_pb_use_builder":"on","_et_pb_old_content":""},"_links":{"self":[{"href":"https:\/\/axsysnet.de\/Home\/wp-json\/wp\/v2\/pages\/11"}],"collection":[{"href":"https:\/\/axsysnet.de\/Home\/wp-json\/wp\/v2\/pages"}],"about":[{"href":"https:\/\/axsysnet.de\/Home\/wp-json\/wp\/v2\/types\/page"}],"author":[{"embeddable":true,"href":"https:\/\/axsysnet.de\/Home\/wp-json\/wp\/v2\/users\/1"}],"replies":[{"embeddable":true,"href":"https:\/\/axsysnet.de\/Home\/wp-json\/wp\/v2\/comments?post=11"}],"version-history":[{"count":47,"href":"https:\/\/axsysnet.de\/Home\/wp-json\/wp\/v2\/pages\/11\/revisions"}],"predecessor-version":[{"id":226,"href":"https:\/\/axsysnet.de\/Home\/wp-json\/wp\/v2\/pages\/11\/revisions\/226"}],"wp:attachment":[{"href":"https:\/\/axsysnet.de\/Home\/wp-json\/wp\/v2\/media?parent=11"}],"curies":[{"name":"wp","href":"https:\/\/api.w.org\/{rel}","templated":true}]}}