{"id":3,"date":"2020-08-26T09:41:48","date_gmt":"2020-08-26T07:41:48","guid":{"rendered":"http:\/\/wordpress.axsysnet.de\/?page_id=3"},"modified":"2020-10-07T08:09:50","modified_gmt":"2020-10-07T06:09:50","slug":"datenschutzerklaerung","status":"publish","type":"page","link":"https:\/\/axsysnet.de\/Home\/datenschutzerklaerung\/","title":{"rendered":"Datenschutzerkl\u00e4rung"},"content":{"rendered":"\n<p>axsysNET AG<\/p>\n\n\n\n<p>Erich-Herion-Strasse 16<\/p>\n\n\n\n<p>D-70736 Fellbach<\/p>\n\n\n\n<p>Telefon: +49 711 5109748 0<\/p>\n\n\n\n<p>Telefax: +49 711 5109748 88199<\/p>\n\n\n\n<p>eMail: <a href=\"mailto:info@axsysNET.de\">info@axsysNET.de<\/a><\/p>\n\n\n\n<p class=\"has-large-font-size\">Vorstand<\/p>\n\n\n\n<p>Vorsitzender des Aufsichtsrates: Frank Penkwitt<\/p>\n\n\n\n<p>Vorstand: Christian Fuchs<\/p>\n\n\n\n<p>Gerichtstand<\/p>\n\n\n\n<p>Amtsgericht: Esslingen HRB 3963<\/p>\n\n\n\n<p>Rechtsform der Gesellschaft: AG<\/p>\n\n\n\n<p>Sitz der Gesellschaft: D-70736 Fellbach<\/p>\n\n\n\n<p class=\"has-medium-font-size\">Copyright<\/p>\n\n\n\n<p>Die Inhalte dieser Website unterliegen der Verantwortung der axsysNET AG. Alle Rechte vorbehalten. Jegliche Vervielf\u00e4ltigung oder Weiterverbreitung in jedem Medium als Ganzes oder in Teilen bedarf der schriftlichen Zustimmung der&nbsp;&nbsp; axsysNET AG.<\/p>\n\n\n\n<p class=\"has-medium-font-size\">Datenschutzerkl\u00e4rung<\/p>\n\n\n\n<p>Verantwortlicher im Sinne der Datenschutz-Grundverordnung (DS-GVO) und anderer nationaler Datenschutzgesetze sowie sonstiger datenschutzrechtlicher Bestimmungen ist die:<\/p>\n\n\n\n<p>axsysNET AG<\/p>\n\n\n\n<p>Erich-Herion-Strasse 16<\/p>\n\n\n\n<p>D-70736 Fellbach<\/p>\n\n\n\n<p>Telefon: +49 711 5109748 0<\/p>\n\n\n\n<p>E-Mail:&nbsp;&nbsp; info@axsysnet.de<\/p>\n\n\n\n<p>Der Datenschutzbeauftragte der SCHMALZ+SCH\u00d6N Logistikgruppe ist:SCHMALZ+SCH\u00d6N Holding GmbH<\/p>\n\n\n\n<p>DER KONZERNDATENSCHUTZBEAUFTRAGTE<\/p>\n\n\n\n<p>Ringstra\u00dfe 39-41<\/p>\n\n\n\n<p>D-70736 Fellbach<\/p>\n\n\n\n<p>E-Mail: Datenschutz@schmalz-schoen.de<\/p>\n\n\n\n<p class=\"has-medium-font-size\"><strong>1.&nbsp;&nbsp;&nbsp; Allgemeines zur Datenverarbeitung<\/strong><\/p>\n\n\n\n<p><strong>1.1.&nbsp;&nbsp;&nbsp;&nbsp;&nbsp;&nbsp;&nbsp; Verarbeitung personenbezogener Daten und deren Zweck<\/strong><\/p>\n\n\n\n<p>Die axsysNET AG (nachfolgend \u201eaxsysNET AG\u201c oder \u201ewir\u201c) verarbeitet personenbezogene Daten der Nutzer ausschlie\u00dflich nur, soweit dies zur Bereitstellung einer funktionsf\u00e4higen Webseite sowie unserer Inhalte und Leistungen erforderlich ist. Beim Besuch unserer Webseiten werden folgende Daten verarbeitet:<\/p>\n\n\n\n<ul><li>IP-Adresse des Nutzers<\/li><li>verwendeter Browser (Typ, Version, Sprache)<\/li><li>verwendetes Betriebssystem<\/li><li>Internetserviceprovider des Nutzers<\/li><li>Datum und Uhrzeit des Zugriffs auf unsere Webseite<\/li><li>auf unserer Webseite abgerufene Dateien<\/li><li>Webseite, von der aus der Nutzer auf unsere Webseite gelangt ist<\/li><li>Webseite, die der Nutzer \u00fcber unsere Webseite aufruft.<\/li><\/ul>\n\n\n\n<p>Die Verarbeitung und vor\u00fcbergehende Speicherung der IP-Adresse ist notwendig, um eine Auslieferung der Webseite an den Rechner des Nutzers zu erm\u00f6glichen. Hierf\u00fcr muss die IP-Adresse des Nutzers f\u00fcr die Dauer der Sitzung gespeichert werden. Die Logfiles enthalten IP-Adressen oder sonstige Daten, die eine Zuordnung des Nutzers erm\u00f6glichen. Die Speicherung in Logfiles erfolgt, um die Funktionsf\u00e4higkeit der Webseiten sicherzustellen. Zudem dienen die Daten der Optimierung unserer Webseiten sowie der Sicherstellung der Sicherheit unserer informationstechnischen Systeme.<\/p>\n\n\n\n<p>Jegliche Verarbeitung der personenbezogenen Daten erfolgt ausschlie\u00dflich zu den genannten Zwecken und in dem zur Erreichung dieser Zwecke erforderlichen Umfang. Eine Verwendung dieser Daten f\u00fcr Zwecke der Werbung, Kundenberatung oder Marktforschung erfolgt nicht.<\/p>\n\n\n\n<p><strong>1.2. Rechtsgrundlagen f\u00fcr die Verarbeitung personenbezogener Daten<\/strong><\/p>\n\n\n\n<p>Die Verarbeitung personenbezogener Daten unserer Nutzer erfolgt regelm\u00e4\u00dfig nach Einwilligung des Nutzers. Eine Ausnahme gilt in solchen F\u00e4llen, in denen eine vorherige Einholung einer Einwilligung aus tats\u00e4chlichen Gr\u00fcnden nicht m\u00f6glich ist und uns die Verarbeitung der Daten durch gesetzliche Vorschriften gestattet ist. Die Speicherung der Daten und der Logfiles erfolgt auf Grundlage des Art. 6 Abs. 1 lit. f DS-GVO.<\/p>\n\n\n\n<p><strong>1.3. Datenl\u00f6schung und Speicherdauer<\/strong><\/p>\n\n\n\n<p>Die personenbezogenen Daten der betroffenen Personen werden von uns gel\u00f6scht oder gesperrt, sobald der Zweck der Speicherung entf\u00e4llt. Im Falle der Datenverarbeitung zur Bereitstellung der Webseiten erfolgt die L\u00f6schung, wenn die jeweilige Sitzung beendet ist. Im Falle der Speicherung der personenbezogenen Daten in Logfiles erfolgt die L\u00f6schung nach sp\u00e4testens sieben Tagen. Eine dar\u00fcberhinausgehende Speicherung ist m\u00f6glich, sofern zuvor die IP-Adressen der Nutzer gel\u00f6scht oder verfremdet werden, sodass eine Zuordnung des aufrufenden Clients nicht mehr m\u00f6glich ist.<\/p>\n\n\n\n<p class=\"has-medium-font-size\"><strong>2. Cookies<\/strong><\/p>\n\n\n\n<p>Auf unseren Webseiten verwenden wir an mehreren Stellen Cookies. Ruft ein Nutzer eine unserer Webseiten auf, so kann ein Cookie auf dem Betriebssystem des Nutzers gespeichert werden. Ein Cookie enth\u00e4lt eine charakteristische Zeichenfolge, die eine eindeutige Identifizierung des Browsers beim erneuten Aufrufen unserer Webseiten erm\u00f6glicht. In den Cookies werden folgende Daten gespeichert und \u00fcbermittelt:<\/p>\n\n\n\n<ul><li>Spracheinstellungen<\/li><li>Log-In-Informationen<\/li><\/ul>\n\n\n\n<p>Der Zweck der Verwendung von Cookies liegt in der nutzerfreundlichen Gestaltung unserer Webseiten. Die Verarbeitung personenbezogener Daten unter Verwendung von Cookies erfolgt auf Grundlage von Art. 6 Abs. 1 lit. f DS-GVO. Cookies werden auf dem Rechner des Nutzers gespeichert und von dort an unsere Webseiten \u00fcbermittelt. Die Nutzer k\u00f6nnen durch eine \u00c4nderung der Einstellungen ihres Internetbrowsers die \u00dcbertragung von Cookies deaktivieren oder einschr\u00e4nken. Bereits gespeicherte Cookies k\u00f6nnen jederzeit gel\u00f6scht werden. Werden Cookies f\u00fcr unsere Webseiten deaktiviert, k\u00f6nnen m\u00f6glicherweise nicht mehr alle Funktionen unserer Webseiten vollumf\u00e4nglich genutzt werden.<\/p>\n\n\n\n<p class=\"has-medium-font-size\"><strong>3. Bewerberformular<\/strong><\/p>\n\n\n\n<p>&#8211; Entf\u00e4llt \u2013<\/p>\n\n\n\n<p class=\"has-medium-font-size\"><strong>4. R\u00fcckruf-Service-Formular und E-Mail-Kontak<\/strong>t<\/p>\n\n\n\n<p>Auf unserer Internetseite ist ein R\u00fcckruf-Service-Formular vorhanden, welches f\u00fcr die elektronische Kontaktaufnahme genutzt werden kann. Nimmt ein Nutzer diese M\u00f6glichkeit war, so werden die von ihm in der Eingabemaske eingegeben Daten an uns \u00fcbermittelt und gespeichert:<\/p>\n\n\n\n<ul><li>Name<\/li><li>Telefonnummer<\/li><li>Betreff<\/li><\/ul>\n\n\n\n<p>Zus\u00e4tzlich werden bei Absendung der Nachricht folgende Daten gespeichert:<\/p>\n\n\n\n<ul><li>IP-Adresse des Nutzers<\/li><li>Datum und Uhrzeit der Registrierung.<\/li><\/ul>\n\n\n\n<p>Alternativ ist eine Kontaktaufnahme \u00fcber die bereitgestellte E-Mail-Adresse m\u00f6glich. In diesem Fall werden die mit der E-Mail \u00fcbermittelten personenbezogenen Daten des Nutzers durch uns gespeichert. Rechtsgrundlage f\u00fcr die Verarbeitung der Daten ist bei Vorliegen einer Einwilligung des Nutzers Art. 6 Abs. 1 lit. a DS-GVO. Werden die personenbezogenen Daten im Rahmen der \u00dcbersendung einer E-Mail \u00fcbermittelt, ist Art. 6 Abs. 1 lit. f DS-GVO die Rechtsgrundlage. Zielt der E-Mail-Kontakt auf den Abschluss eines Vertrages ab, so ist die Rechtsgrundlage f\u00fcr die Verarbeitung Art. 6 Abs. 1 lit. b DS-GVO. Die Daten werden ausschlie\u00dflich zur Bearbeitung der Kontaktaufnahme und der sich anschlie\u00dfenden Kommunikation verwendet. Es verfolgt in diesem Zusammenhang keine Weitergabe der Daten an Dritte. Die personenbezogenen Daten aus der Eingabemaske des Kontaktformulars und diejenigen, die per E-Mail \u00fcbersandt wurden, werden gel\u00f6scht, wenn die jeweilige Kommunikation mit dem Nutzer beendet ist, d.h. sobald sich aus den Umst\u00e4nden entnehmen l\u00e4sst, dass der betroffene Sachverhalt abschlie\u00dfend gekl\u00e4rt ist. Die w\u00e4hrend des Absendevorgangs zus\u00e4tzlich erhobenen personenbezogenen Daten werden sp\u00e4testens nach einer Frist von sieben Tagen gel\u00f6scht.<\/p>\n\n\n\n<p>Der Nutzer hat jederzeit die M\u00f6glichkeit, seine Einwilligung zur Verarbeitung der personenbezogenen Daten zu widerrufen. Nimmt der Nutzer per E-Mail-Kontakt mit uns auf, so kann er der Speicherung seiner personenbezogenen Daten jederzeit widersprechen. In einem solchen Fall kann die Kontaktanfrage nicht bearbeitet werden bzw. die Kommunikation nicht fortgef\u00fchrt werden. S\u00e4mtliche personenbezogenen Daten, die im Zuge der Kontaktaufnahme gespeichert wurden, werden in diesem Fall gel\u00f6scht.<\/p>\n\n\n\n<p class=\"has-medium-font-size\"><strong>5. Sicherheit<\/strong><\/p>\n\n\n\n<p>Die axsysNET AG setzt technische und organisatorische Sicherheitsma\u00dfnahmen ein, um die personenbezogenen Daten der Nutzer gegen zuf\u00e4llige oder vors\u00e4tzliche Manipulationen, Verlust, Zerst\u00f6rung oder gegen den Zugriff unberechtigter Personen zu sch\u00fctzen. Unsere Sicherheitsma\u00dfnahmen werden entsprechend der technologischen Entwicklung fortlaufend verbessert.<\/p>\n\n\n\n<p class=\"has-medium-font-size\"><strong>6. Rechte der betroffenen Person<\/strong><\/p>\n\n\n\n<p>Verarbeitet die axsysNET AG Ihre personenbezogenen Daten, sind Sie betroffene Person gem\u00e4\u00df Art. 4 Nr. 1 DS-GVO mit folgenden Rechte gegen\u00fcber der axsysNET AG:<\/p>\n\n\n\n<p><strong>6.1. Auskunftsrecht<\/strong><\/p>\n\n\n\n<p>Sie k\u00f6nnen von uns gem\u00e4\u00df Art. 15 DS-GVO eine Best\u00e4tigung dar\u00fcber verlangen, ob personenbezogene Daten, die Sie betreffen, von uns verarbeitet werden. Sofern wir Ihre personenbezogenen Daten verarbeiten, k\u00f6nnen Sie von uns \u00fcber folgende Informationen Auskunft verlangen:<\/p>\n\n\n\n<ul><li>die Verarbeitungszwecke;<\/li><li>die Kategorien Ihrer personenbezogenen Daten, die wir verarbeiten;<\/li><li>die Empf\u00e4nger bzw. die Kategorien von Empf\u00e4ngern, gegen\u00fcber denen wir Ihre personenbezogenen Daten offengelegt haben bzw. offenlegen werden;<\/li><li>(sofern m\u00f6glich) die geplante Dauer, f\u00fcr die wir Ihre personenbezogenen Daten speichern oder, falls dies nicht m\u00f6glich ist, die Kriterien f\u00fcr die Festlegung der Speicherdauer;<\/li><li>das Bestehen eines Rechts auf Berichtigung oder L\u00f6schung der Sie betreffenden personenbezogenen Daten, eines Rechts auf Einschr\u00e4nkung der Verarbeitung durch uns oder eines Widerspruchsrechts gegen diese Verarbeitung;<\/li><li>das Bestehen eines Beschwerderechts bei einer Aufsichtsbeh\u00f6rde;<\/li><li>alle verf\u00fcgbaren Informationen \u00fcber die Herkunft der Daten, sofern die personenbezogenen Daten nicht bei Ihnen erhoben wurden;<\/li><li>das Bestehen einer automatisierten Entscheidungsfindung einschlie\u00dflich Profiling (Art. 22 Abs. 1 und 4 DS-GVO) und &#8211; zumindest in diesen F\u00e4llen &#8211; aussagekr\u00e4ftige Informationen \u00fcber die involvierte Logik sowie die Tragweite und die angestrebten Auswirkungen einer derartigen Verarbeitung f\u00fcr Sie.<\/li><\/ul>\n\n\n\n<p>Ihnen steht das Recht zu, Auskunft dar\u00fcber zu verlangen, ob die Sie betreffenden personenbezogenen Daten in ein Drittland oder an eine internationale Organisation \u00fcbermittelt werden. In diesem Zusammenhang k\u00f6nnen Sie verlangen, \u00fcber die geeigneten Garantien gem. Art. 46 DS-GVO im Zusammenhang mit der \u00dcbermittlung unterrichtet zu werden.<\/p>\n\n\n\n<p><strong>6.2. Recht auf Berichtigung<\/strong><\/p>\n\n\n\n<p>Sie haben gem\u00e4\u00df Art. 16 DS-GVO das Recht, von uns die Berichtigung und\/oder Vervollst\u00e4ndigung Sie betreffender unrichtiger personenbezogener Daten zu verlangen.<\/p>\n\n\n\n<p><strong>6.3. Recht auf L\u00f6schung<\/strong><\/p>\n\n\n\n<p>Sie k\u00f6nnen von uns gem\u00e4\u00df Art. 17 DS-GVO verlangen, dass Ihre personenbezogenen Daten unverz\u00fcglich gel\u00f6scht werden. Wir sind verpflichtet, Ihre Daten unverz\u00fcglich zu l\u00f6schen, sofern einer der folgenden Gr\u00fcnde zutrifft:<\/p>\n\n\n\n<ul><li>Ihre personenbezogenen Daten sind f\u00fcr die Zwecke, f\u00fcr die sie erhoben oder auf sonstige Weise verarbeitet wurden, nicht mehr notwendig.<\/li><li>Sie widerrufen Ihre Einwilligung, auf die wir die Verarbeitung gem\u00e4\u00df Art. 6 Abs. 1 lit. a DS-GVO oder Art. 9 Abs. 2 lit. a DS-GVO st\u00fctzen, und es fehlt an einer anderweitigen Rechtsgrundlage f\u00fcr die Verarbeitung.<\/li><li>Sie legen gem\u00e4\u00df Art. 21 Abs. 1 DS-GVO Widerspruch gegen die Verarbeitung ein und es liegen keine vorrangigen berechtigten Gr\u00fcnde f\u00fcr die Verarbeitung vor, oder Sie legen gem\u00e4\u00df Art. 21 Abs. 2 DS-GVO Widerspruch gegen die Verarbeitung ein.<\/li><li>Ihre personenbezogenen Daten wurden unrechtm\u00e4\u00dfig verarbeitet.<\/li><li>Die L\u00f6schung Ihrer personenbezogenen Daten ist zur Erf\u00fcllung einer rechtlichen Verpflichtung nach dem Unionsrecht oder dem Recht der Mitgliedstaaten erforderlich, dem wir unterliegen.<\/li><li>Ihre personenbezogenen Daten wurden in Bezug auf angebotene Dienste der Informationsgesellschaft gem\u00e4\u00df Art. 8 Abs. 1 DS-GVO erhoben.<\/li><\/ul>\n\n\n\n<p>Haben wir Ihre personenbezogenen Daten \u00f6ffentlich gemacht und sind wir gem\u00e4\u00df Art. 17 Abs. 1 DS-GVO zu deren L\u00f6schung verpflichtet, so treffen wir unter Ber\u00fccksichtigung der verf\u00fcgbaren Technologie und der Implementierungskosten angemessene Ma\u00dfnahmen, auch technischer Art, um die f\u00fcr die Datenverarbeitung Verantwortlichen, die die personenbezogenen Daten verarbeiten, dar\u00fcber zu informieren, dass Sie als betroffene Person von ihnen die L\u00f6schung aller Links zu Ihren personenbezogenen Daten oder von Kopien oder Replikationen Ihrer personenbezogenen Daten verlangt haben.<\/p>\n\n\n\n<p>Das Recht auf L\u00f6schung besteht nicht, soweit die Verarbeitung erforderlich ist<\/p>\n\n\n\n<ul><li>zur Aus\u00fcbung des Rechts auf freie Meinungs\u00e4u\u00dferung und Information;<\/li><li>zur Erf\u00fcllung einer rechtlichen Verpflichtung, der wir unterliegen, oder zur Wahrnehmung einer Aufgabe, die im \u00f6ffentlichen Interesse liegt oder in Aus\u00fcbung \u00f6ffentlicher Gewalt erfolgt, die uns \u00fcbertragen wurde;<\/li><li>aus Gr\u00fcnden des \u00f6ffentlichen Interesses im Bereich der \u00f6ffentlichen Gesundheit (Art. 9 Abs. 2 lit. h und i sowie Art. 9 Abs. 3 DS-GVO);<\/li><li>f\u00fcr im \u00f6ffentlichen Interesse liegende Archivzwecke, wissenschaftliche oder historische Forschungszwecke oder f\u00fcr statistische Zwecke gem. Art. 89 Abs. 1 DS-GVO, soweit das genannte Recht voraussichtlich die Verwirklichung der Ziele dieser Verarbeitung unm\u00f6glich macht oder ernsthaft beeintr\u00e4chtigt, oder<\/li><li>zur Geltendmachung, Aus\u00fcbung oder Verteidigung von Rechtsanspr\u00fcchen.<\/li><\/ul>\n\n\n\n<p><strong>6.4. Recht auf Einschr\u00e4nkung der Verarbeitung<\/strong><\/p>\n\n\n\n<p>Unter den folgenden Voraussetzungen k\u00f6nnen Sie gem\u00e4\u00df Art. 18 DS-GVO die Einschr\u00e4nkung der Verarbeitung Ihrer personenbezogenen Daten verlangen:<\/p>\n\n\n\n<ul><li>wenn Sie die Richtigkeit Ihrer personenbezogenen f\u00fcr eine Dauer bestreiten, die es uns erm\u00f6glicht, die Richtigkeit der personenbezogenen Daten zu \u00fcberpr\u00fcfen;<\/li><li>wenn die Verarbeitung unrechtm\u00e4\u00dfig ist und Sie die L\u00f6schung der personenbezogenen Daten ablehnen und stattdessen die Einschr\u00e4nkung der Nutzung der personenbezogenen Daten verlangen;<\/li><li>wenn wir Ihre personenbezogenen Daten f\u00fcr die Zwecke der Verarbeitung nicht l\u00e4nger ben\u00f6tigen, Sie diese jedoch zur Geltendmachung, Aus\u00fcbung oder Verteidigung von Rechtsanspr\u00fcchen brauchen, oder<\/li><li>wenn Sie Widerspruch gegen die Verarbeitung gem\u00e4\u00df Art. 21 Abs. 1 DS-GVO eingelegt haben und noch nicht feststeht, ob unsere berechtigten Gr\u00fcnde gegen\u00fcber Ihren Gr\u00fcnden \u00fcberwiegen.<\/li><\/ul>\n\n\n\n<p>Wurde die Verarbeitung Ihrer personenbezogenen Daten eingeschr\u00e4nkt, d\u00fcrfen diese Daten \u2013 von ihrer Speicherung abgesehen \u2013 nur mit Ihrer Einwilligung oder zur Geltendmachung, Aus\u00fcbung oder Verteidigung von Rechtsanspr\u00fcchen oder zum Schutz der Rechte einer anderen nat\u00fcrlichen oder juristischen Person oder aus Gr\u00fcnden eines wichtigen \u00f6ffentlichen Interesses der Union oder eines Mitgliedstaats verarbeitet werden. Wurde die Einschr\u00e4nkung der Verarbeitung nach den o.g. Voraussetzungen eingeschr\u00e4nkt, werden Sie von uns unterrichtet, bevor die Einschr\u00e4nkung aufgehoben wird.<\/p>\n\n\n\n<p><strong>6.5. Recht auf Unterrichtung<\/strong><\/p>\n\n\n\n<p>Haben Sie das Recht auf Berichtigung, L\u00f6schung oder Einschr\u00e4nkung der Verarbeitung gegen\u00fcber uns geltend gemacht, sind wir gem\u00e4\u00df Art. 19 DS-GVO verpflichtet, allen Empf\u00e4ngern, denen Ihre personenbezogenen Daten von uns offengelegt wurden, diesen Umstand mitzuteilen, es sei denn, dies erweist sich als unm\u00f6glich oder ist mit einem unverh\u00e4ltnism\u00e4\u00dfigen Aufwand verbunden. Ihnen steht uns gegen\u00fcber das Recht zu, \u00fcber diese Empf\u00e4nger unterrichtet zu werden.<\/p>\n\n\n\n<p><strong>6.6. Recht auf Daten\u00fcbertragbarkeit<\/strong><\/p>\n\n\n\n<p>Sie haben gem\u00e4\u00df Art. 20 DS-GVO das Recht, Ihre personenbezogenen Daten, die Sie uns bereitgestellt haben, in einem strukturierten, g\u00e4ngigen und maschinenlesbaren Format zu erhalten. Au\u00dferdem haben Sie das Recht diese Daten einem anderen Verantwortlichen ohne Behinderung durch uns, zu \u00fcbermitteln, sofern<\/p>\n\n\n\n<ul><li>die Verarbeitung auf einer Einwilligung (Art. 6 Abs. 1 lit. a DS-GVO bzw. Art. 9 Abs. 2 lit. a DS-GVO) oder auf einem Vertrag gem. Art. 6 Abs. 1 lit. b DS-GVO beruht und<\/li><li>die Verarbeitung mithilfe automatisierter Verfahren erfolgt.<\/li><\/ul>\n\n\n\n<p>In Aus\u00fcbung dieses Rechts haben Sie ferner das Recht, zu erwirken, dass Ihre personenbezogenen Daten direkt von uns einem anderen Verantwortlichen \u00fcbermittelt werden, soweit dies technisch machbar ist. Freiheiten und Rechte anderer Personen d\u00fcrfen hierdurch nicht beeintr\u00e4chtigt werden. Das Recht auf Daten\u00fcbertragbarkeit gilt nicht f\u00fcr eine Verarbeitung personenbezogener Daten, die f\u00fcr die Wahrnehmung einer Aufgabe erforderlich ist, die im \u00f6ffentlichen Interesse liegt oder in Aus\u00fcbung \u00f6ffentlicher Gewalt erfolgt, die uns \u00fcbertragen wurde.<\/p>\n\n\n\n<p><strong>6.7. Widerspruchsrecht<\/strong><\/p>\n\n\n\n<p>Sie haben gem\u00e4\u00df Art. 21 DS-GVO das Recht, aus Gr\u00fcnden, die sich aus Ihrer besonderen Situation ergeben, jederzeit gegen die Verarbeitung Ihrer personenbezogenen Daten, die auf Grundlage von Art. 6 Abs. 1 lit. e oder f DS-GVO erfolgt, Widerspruch einzulegen; dies gilt auch f\u00fcr ein auf diese Bestimmungen gest\u00fctztes Profiling. Wir verarbeiten Ihre personenbezogenen Daten in der Folge nicht weiter, es sei denn, wir k\u00f6nnen zwingende schutzw\u00fcrdige Gr\u00fcnde f\u00fcr unsere Verarbeitung nachweisen, die Ihre Interessen, Rechte und Freiheiten \u00fcberwiegen, oder die Verarbeitung dient der Geltendmachung, Aus\u00fcbung oder Verteidigung von Rechtsanspr\u00fcchen.<\/p>\n\n\n\n<p><strong>6.8. Recht auf Widerruf der datenschutzrechtlichen Einwilligungserkl\u00e4rung<\/strong><\/p>\n\n\n\n<p>Sie haben das Recht, Ihre datenschutzrechtliche Einwilligungserkl\u00e4rung jederzeit uns gegen\u00fcber zu widerrufen. Durch den Widerruf der Einwilligung wird die Rechtm\u00e4\u00dfigkeit der, aufgrund der Einwilligung bis zum Widerruf erfolgten, Verarbeitung nicht ber\u00fchrt.<\/p>\n\n\n\n<p><strong>6.9. Automatisierte Entscheidung im Einzelfall einschlie\u00dflich Profiling<\/strong><\/p>\n\n\n\n<p>Sie haben gem\u00e4\u00df Art. 22 DS-GVO das Recht, nicht einer ausschlie\u00dflich auf einer automatisierten Verarbeitung \u2013 einschlie\u00dflich Profiling \u2013 beruhenden Entscheidung unterworfen zu werden, die Ihnen gegen\u00fcber rechtliche Wirkung entfaltet oder Sie in \u00e4hnlicher Weise erheblich beeintr\u00e4chtigt. Dies gilt nicht, wenn die Entscheidung<\/p>\n\n\n\n<ul><li>f\u00fcr den Abschluss oder die Erf\u00fcllung eines Vertrags zwischen Ihnen und uns erforderlich ist,<\/li><li>aufgrund von Rechtsvorschriften der Union oder der Mitgliedstaaten, denen wir unterliegen, zul\u00e4ssig ist und diese Rechtsvorschriften angemessene Ma\u00dfnahmen zur Wahrung Ihrer Rechte und Freiheiten sowie Ihrer berechtigten Interessen enthalten oder<\/li><li>mit Ihrer ausdr\u00fccklichen Einwilligung erfolgt.<\/li><\/ul>\n\n\n\n<p><strong>6.10. Recht auf Beschwerde bei einer Aufsichtsbeh\u00f6rde<\/strong><\/p>\n\n\n\n<p>Unbeschadet eines anderweitigen verwaltungsrechtlichen oder gerichtlichen Rechtsbehelfs steht Ihnen das Recht auf Beschwerde bei einer Aufsichtsbeh\u00f6rde, insbesondere in dem Mitgliedstaat Ihres Aufenthaltsorts, Ihres Arbeitsplatzes oder des Orts des mutma\u00dflichen Versto\u00dfes, zu, wenn Sie der Ansicht sind, dass die von uns vorgenommene Verarbeitung Ihrer personenbezogenen Daten gegen die DS-GVO verst\u00f6\u00dft.<\/p>\n\n\n\n<p><strong>7. Verantwortlichkeit f\u00fcr Inhalte und Informationen<\/strong><\/p>\n\n\n\n<p>Unsere Webseiten enthalten Links zu Internetangeboten externer Anbieter. Die Inhalte der Internetangebote externer Anbieter wurden beim Setzen des Links von uns sorgf\u00e4ltig daraufhin gepr\u00fcft, ob diese zivilrechtlich oder strafrechtlich gegen geltende Gesetze versto\u00dfen. Es ist jedoch nicht auszuschlie\u00dfen, dass diese Inhalte im Nachhinein von den jeweiligen Anbietern ver\u00e4ndert werden. Sollten Sie der Ansicht sein, dass verlinkte externe Seiten gegen geltendes Recht versto\u00dfen oder sonstige unangemessene Inhalte haben, so teilen Sie uns dieses bitte mit. Wir werden Ihren Hinweis pr\u00fcfen und den externen Link gegebenenfalls entfernen. Wir sind nicht f\u00fcr die Inhalte und Verf\u00fcgbarkeit der verlinkten externen Internetseiten verantwortlich.<\/p>\n\n\n\n<p><strong>8. Einbeziehung und G\u00fcltigkeit der Datenschutzerkl\u00e4rung<\/strong><\/p>\n\n\n\n<p>Mit der Nutzung unserer Webseiten willigen Sie in die vorab beschriebenen Datenverarbeitungen ein. Diese Datenschutzerkl\u00e4rung gilt nur f\u00fcr die Inhalte der axsysNET AG. F\u00fcr die verlinkten externen Inhalte gelten andere Datenschutz- und Datensicherheitsbestimmungen. Wer f\u00fcr diese Angebote die Verantwortung tr\u00e4gt, erfahren Sie im jeweiligen Impressum. Durch die Weiterentwicklung unserer Webseiten oder die Implementierung neuer Technologien kann es notwendig werden, diese Datenschutzerkl\u00e4rung zu \u00e4ndern. Wir behalten uns daher vor, die Datenschutzerkl\u00e4rung jederzeit mit Wirkung f\u00fcr die Zukunft zu \u00e4ndern. Es gilt stets die zum Zeitpunkt Ihres Webseitenbesuchs abrufbare Fassung.<\/p>\n\n\n\n<p><em>Stand: Mai 2018<\/em><\/p>\n","protected":false},"excerpt":{"rendered":"<p>axsysNET AG Erich-Herion-Strasse 16 D-70736 Fellbach Telefon: +49 711 5109748 0 Telefax: +49 711 5109748 88199 eMail: info@axsysNET.de Vorstand Vorsitzender des Aufsichtsrates: Frank Penkwitt Vorstand: Christian Fuchs Gerichtstand Amtsgericht: Esslingen HRB 3963 Rechtsform der Gesellschaft: AG Sitz der Gesellschaft: D-70736 Fellbach Copyright Die Inhalte dieser Website unterliegen der Verantwortung der axsysNET AG. Alle Rechte vorbehalten. [&hellip;]<\/p>\n","protected":false},"author":1,"featured_media":0,"parent":0,"menu_order":0,"comment_status":"closed","ping_status":"open","template":"","meta":{"_et_pb_use_builder":"","_et_pb_old_content":""},"_links":{"self":[{"href":"https:\/\/axsysnet.de\/Home\/wp-json\/wp\/v2\/pages\/3"}],"collection":[{"href":"https:\/\/axsysnet.de\/Home\/wp-json\/wp\/v2\/pages"}],"about":[{"href":"https:\/\/axsysnet.de\/Home\/wp-json\/wp\/v2\/types\/page"}],"author":[{"embeddable":true,"href":"https:\/\/axsysnet.de\/Home\/wp-json\/wp\/v2\/users\/1"}],"replies":[{"embeddable":true,"href":"https:\/\/axsysnet.de\/Home\/wp-json\/wp\/v2\/comments?post=3"}],"version-history":[{"count":4,"href":"https:\/\/axsysnet.de\/Home\/wp-json\/wp\/v2\/pages\/3\/revisions"}],"predecessor-version":[{"id":183,"href":"https:\/\/axsysnet.de\/Home\/wp-json\/wp\/v2\/pages\/3\/revisions\/183"}],"wp:attachment":[{"href":"https:\/\/axsysnet.de\/Home\/wp-json\/wp\/v2\/media?parent=3"}],"curies":[{"name":"wp","href":"https:\/\/api.w.org\/{rel}","templated":true}]}}