{"id":89,"date":"2020-09-22T15:44:49","date_gmt":"2020-09-22T13:44:49","guid":{"rendered":"http:\/\/wordpress.axsysnet.de\/?page_id=89"},"modified":"2022-05-31T11:56:51","modified_gmt":"2022-05-31T09:56:51","slug":"agb","status":"publish","type":"page","link":"https:\/\/axsysnet.de\/Home\/agb\/","title":{"rendered":"Allgemeine Gesch\u00e4ftsbedingungen"},"content":{"rendered":"\n<p>axsysNET AG | Ringstr. 71 | D-70736 Fellbach<\/p>\n\n\n<p>Geltung<br \/>a) allen Lieferungen und Leistungen der Firma axsysNET AG, | Ringstr. 71 D-70736<br \/>Fellbach, liegen diese allgemeinen Gesch\u00e4ftsbedingungen zugrunde. Abweichende<br \/>oder zus\u00e4tzliche Bedingungen und Vereinbarungen bed\u00fcrfen der Schriftform.<br \/>Etwaige abweichende Vereinbarungen gelten nur f\u00fcr den Einzelvertrag.<br \/>b) Unsere Angebote sind freibleibend. Bestellungen, Erg\u00e4nzungen und \u00c4nderungen<br \/>einer Bestellung sind erst angenommen, wenn sie schriftlich best\u00e4tigt sind.<br \/>c) Abweichende allgemeine Gesch\u00e4ftsbedingungen des Kunden gelten auch dann<br \/>nicht, wenn die Firma axsysNET AG ihnen nicht ausdr\u00fccklich widerspricht.<\/p>\n\n\n<p><br>2. Preise und Zahlung<br>a) Alle Preise verstehen sich zuz\u00fcglich der gesetzlichen Mehrwertsteuer.<br>Nebenkosten, insbesondere Transportzahlungen sind sofort nach Rechnungserhalt<br>ohne Abzug f\u00e4llig. Die axsysNET AG ist berechtigt, ohne weiteren Nachweis, im<br>kaufm\u00e4nnischen Gesch\u00e4ftsverkehr bei F\u00e4lligkeit, ansonsten bei Zahlungsverzug,<br>Zinsen in H\u00f6he von 6 Prozentpunkten \u00fcber dem jeweiligen Basiszinssatz nach \u00a71 des<br>Diskontsatz-\u00dcberleitungsgesetzes zu berechnen.<br>b) Ist der Besteller mit einer Zahlung aus einem mit uns bestehenden Vertrag l\u00e4nger<br>als 30 Tage in Verzug, hat er seine Zahlung eingestellt oder ist eine wesentliche<br>Verschlechterung seiner Verm\u00f6gensverh\u00e4ltnisse eingetreten werden unsere<br>Forderungen aus s\u00e4mtlichen Vertr\u00e4gen mit dem Besteller sofort f\u00e4llig; Stundungen<br>oder sonstige Zahlungsaufsch\u00fcbe enden. Wir sind berechtigt, vor der<br>Weiterbearbeitung der Bestellung Vorkasse zu verlangen.<\/p>\n\n\n\n<p><br>3. Lieferung<br>a) Versand erfolgt auf Rechnung und Gefahr des Bestellers.<br>b) Lieferfristen beginnen mit Datum der Best\u00e4tigung gem\u00e4\u00df Abschnitt 1, jedoch vor<br>Beibringung der vom Besteller zu beschaffenden Unterlagen, Genehmigungen,<br>Freigaben und sonstiger f\u00fcr die Durchf\u00fchrung des Vertrages wesentlicher Angaben.<br>F\u00fcr den Fall notwendiger Pr\u00fcfungen von Korrekturunterlagen sowie f\u00fcr den Fall<br>etwaiger \u00c4nderungen einer Bestellung nach Beginn der Bearbeitung durch uns wird<br>die Lieferfrist angemessen angepasst.<br>c) Ereignisse h\u00f6herer Gewalt und sonstiger f\u00fcr uns unvorhersehbarer Umst\u00e4nde<br>befreien uns f\u00fcr die Dauer der St\u00f6rung sowie einer angemessenen Anlaufzeit \u2013 auch<br>w\u00e4hrend eines bereits laufenden Verzugs von unseren Leistungspflichten, soweit die<br>St\u00f6rung nicht von uns, unseren gesetzlichen Vertretern, Erf\u00fcllungs- oder<br>Vertretungshilfen vors\u00e4tzlich oder grob fahrl\u00e4ssig herbeigef\u00fchrt wurde. Wird durchdie St\u00f6rung die Leistung unm\u00f6glich oder wirtschaftlich unzumutbar, werden wir von<br>unseren Vertragspflichten frei. Schadensersatzanspr\u00fcche des Bestellers entstehen<br>hieraus nicht.<\/p>\n\n\n\n<p><br>4. Abnahmepflicht<br>Kommt der Besteller mit der Abnahme unserer Leistungen in Verzug, sind wir nach<br>fruchtlosem Ablauf einer angemessenen Nachfrist berechtigt, Schadensersatz zu<br>verlangen oder vom Vertrag zur\u00fcckzutreten. Wir sind zudem berechtigt, die Leistung<br>f\u00fcr Rechnung und Gefahr des Bestellers selbst auf Lager zu nehmen. Dies gilt auch,<br>wenn der Versand infolge von Umst\u00e4nden, die wir nicht zu vertreten haben,<br>unm\u00f6glich ist.<\/p>\n\n\n\n<p><br>5. Gew\u00e4hrleistung<br>a) Dem Besteller obliegt die eigenverantwortliche Pr\u00fcfung der gelieferten Ware auf<br>Fehler und andere M\u00e4ngel (Funktion, Bild, Schreibfehler, usw.). Die Verpflichtung zur<br>eigenverantwortlichen \u00dcberpr\u00fcfung besteht auch, wenn zuvor Korrekturen<br>\u00fcbermittelt wurden. Gleiches gilt f\u00fcr die eigenverantwortlichen Pr\u00fcfung von<br>Korrekturvorlagen, insbesondere Ausdrucke zur Korrektur. Wo kein Papierausdruck<br>erfolgt, sind die Daten und die Art der Pr\u00e4sentation von Besteller am Bildschirm zu<br>\u00fcberpr\u00fcfen. Wir leisten keine Gew\u00e4hr f\u00fcr Langzeithaltbarkeit von Datentr\u00e4gern. Nach<br>Freigabe durch den Besteller erfolgt keine nochmalige \u00dcberpr\u00fcfung durch die<br>axsysNET AG.<br>b) Ab\u00e4nderungen infolge von uns nicht verschuldeter Fehler, insbesondere aufgrund<br>fehlerhaft gelieferter Daten, mangelhafter Datentr\u00e4ger oder Daten\u00fcbertragungen,<br>werden nach der daf\u00fcr aufgewendeten Arbeitszeit berechnet.<br>c) Vorausgesetzt der Besteller kommt seinen \u00dcberpr\u00fcfungs- und R\u00fcgepflichten<br>gem\u00e4\u00df \u00a7\u00a7 337, 378 HGB nach, leisten wir Gew\u00e4hr f\u00fcr von uns zu vertretende M\u00e4ngel<br>durch Nachbesserung oder Ersatzlieferung. Schl\u00e4gt diese fehl, ist der Besteller zur<br>Wandlung (R\u00fcckg\u00e4ngigmachung des Vertrages) oder Minderung (verh\u00e4ltnism\u00e4\u00dfige<br>Herabsetzung des Kaufpreises) berechtigt.<\/p>\n\n\n\n<p><br>6. Eigentumsvorbehalt<br>a) Von uns zur Herstellung der Bestellung eingesetzte Betriebsmittel, insbesondere<br>Softwareprogramme sowie Quellcodes eigens erstellter Anwenderprogramme<br>bleiben unser Eigentum und werden nicht ausgeliefert; unser Recht hierf\u00fcr<br>gesonderte Rechnung zu stellen, bleibt unber\u00fchrt.<br>b) Wir behalten uns das Eigentum an unseren Lieferungen bis zur vollst\u00e4ndigenBezahlung s\u00e4mtlicher Forderungen aus der gesamten Gesch\u00e4ftsverbindung<br>einschlie\u00dflich aller Nebenforderungen und bis zur Einl\u00f6sung hereingegebener<br>Schecks vor. Bei laufender Rechnung gilt das vorbehaltene Eigentum als Sicherung<br>f\u00fcr die Saldoforderung.<br>c) Verarbeitung unserer Lieferungen erfolgt in unserem Auftrag, und zwar<br>unentgeltlich und ohne Verpflichtung f\u00fcr uns. Bei Verarbeitung, Verbindung oder<br>Vermengung unserer Lieferungen mit anderen Gegenst\u00e4nden erwerben wir<br>Miteigentum an den entstehenden Gegenst\u00e4nden im Verst\u00e4ndnis des<br>Rechnungswerts unserer Lieferungen zu den anderen verarbeitenden Gegenst\u00e4nden<br>zurzeit der Verarbeitung, Verbindung und Vermengung.<br>d) Dem Besteller ist die Wert Ver\u00e4u\u00dferung unserer Lieferung sowie in unserem<br>Miteigentum stehender Gegenst\u00e4nde im Rahmen seines ordnungsgem\u00e4\u00dfen<br>Gesch\u00e4ftsbetriebs gestattet. Der Besteller tritt bereits jetzt alle Forderungen gegen<br>seine Abnehmer aus der Weiterver\u00e4u\u00dferung ab, bei lediglich bestehendem<br>Miteigentum entsprechend unseren Miteigentumsquoten. Der Besteller ist zur<br>Einziehung der von uns abgetretenen Forderungen erm\u00e4chtigt. \u201a\u201a<br>e) Au\u00dfergew\u00f6hnliche Verf\u00fcgungen wie Verpf\u00e4ndung, Sicherungs\u00fcbereignung und<br>Abtretung sind unzul\u00e4ssig. Zugriffe Dritter auf dem Eigentumsvorbehalt<br>unterliegende Gegenst\u00e4nde, sowie auf von uns abgetretenen Forderungen,<br>insbesondere Pf\u00e4ndungen, sind uns vom Besteller unverz\u00fcglich anzuzeigen. Kosten<br>erforderlicher Interventionen gehen zu Lasten des Bestellers.<br>f) Vertragswidriges Verhalten des Bestellers berechtigt uns, die Herausgabe der in<br>unserem Eigentum stehenden Liefergegenst\u00e4nde zu verlangen. Die Geltendmachung<br>des Eigentumsvorbehalts gilt nicht als R\u00fccktritt vom Vertrag, sie bewirkt das<br>Erl\u00f6schen der Erm\u00e4chtigung gem\u00e4\u00df vorstehendem Ziff. 6e. Auf Verlangen hat der<br>Besteller uns unverz\u00fcglich eine \u00fcber die uns nach Ma\u00dfgabe vorstehender Ziff. 6e<br>abgetretenen Forderungen zu \u00fcbersenden, unter genauer Bezeichnung des<br>Abnehmers sowie der Forderungsh\u00f6he.<br>g) Sicherung geben wir auf Verlangen des Bestellers unter Vorbehalt der Auswahl<br>frei, soweit der Wert der Sicherung die zu sichernde Forderung um mehr als 20%<br>\u00fcbersteigt.<\/p>\n\n\n\n<p><br>7. Softwarebenutzungsrechte<br>a) An axsysNET AG \u2013 Software, Fremdsoftware (Software, die von einem axsysNET AG<br>unabh\u00e4ngigen Softwarelieferanten entwickelt wurde) und den jeweils dazugeh\u00f6rigen<br>Dokumentationen, deren Erg\u00e4nzungen und sonstigen Unterlagen wird dem Kunden<br>ein nicht ausschlie\u00dfliches und nicht \u00fcbertragbares Nutzungsrecht zum internenGebrauch auf einem Computersystem einger\u00e4umt (alle sonstigen Rechte an der<br>Software und den Dokumentationen einschlie\u00dflich der Kopien und nachtr\u00e4glichen<br>Erg\u00e4nzungen bleiben bei der axsysNET AG bzw. dem Softwarelieferanten).<br>b) Der Kunde kann das Funktionieren der Software beobachten, untersuchen oder<br>testen, um die der Software zugrundeliegenden Ideen und Grunds\u00e4tze zu ermitteln,<br>wenn dies durch Handlungen zum Laden, Anzeigen, Ablaufen, \u00dcbertragen oder<br>Speichern der Software geschieht, zu denen er vertraglich berechtigt ist; Satz 1 gilt<br>entsprechend.<br>c) Der Kunde darf ansonsten die Software ohne schriftliche Zustimmung der<br>axsysNET AG weder ganz noch teilweise vervielf\u00e4ltigen, bearbeiten, \u00fcbersetzen oder<br>von dem Objektcode in den Quellcode umwandeln. Dies gilt nicht, wenn derartige<br>Handlungen unerl\u00e4sslich sind, um die erforderlichen Informationen zur Herstellung<br>der Interoperabilit\u00e4t eines unabh\u00e4ngig geschaffenen Computerprogramms mit<br>anderen Programmen zu erhalten und wenn diese Informationen dem Kunden nicht<br>ohne weiteres zug\u00e4nglich sind. Diese Handlungen m\u00fcssen auf die Teile des<br>urspr\u00fcnglichen Programms, die zur Herstellung der Interoperabilit\u00e4t notwendig sind,<br>beschr\u00e4nkt sein; die daraus gewonnenen Informationen d\u00fcrfen zu keinem anderen<br>Zweck verwendet werden und nicht an Dritte weitergegeben werden (vgl. \u00a7 69 e<br>UrhG). F\u00fcr die Mitteilung der Informationen kann die axsysNET AG eine<br>angemessene Verg\u00fctung verlangen. Der Kunde hat sicher zu stellen, dass die<br>Software und Dokumentationen ohne vorherige schriftliche Zustimmung der<br>axsysNET AG Dritten nicht zug\u00e4nglich sind. Kopien d\u00fcrfen grunds\u00e4tzlich nur f\u00fcr<br>Archivzwecke, zur Datensicherung und zur Fehlersuche angefertigt werden; Satz 1<br>und 2 gelten entsprechend.<br>d) Die \u00dcberlassung von Quellprogrammen bedarf einer besonderen schriftlichen<br>Vereinbarung. Sofern die Originale einen auf Urheberrechtschutz hinweisenden<br>Vermerk tragen, ist dieser Vermerk vom Kunden auch auf den Kopien anzubringen.<br>Soweit nichts anderes vereinbart wird, gilt das Nutzungsrecht jeweils mit<br>Auftragsbest\u00e4tigung und Lieferung der Software, Dokumentation und nachtr\u00e4glichen<br>Erg\u00e4nzungen als erteilt.<br>e) Sofern bei Softwarelieferungen durch das \u00d6ffnen der versiegelten Verpackung die<br>Software- Lizenzbestimmungen des Herstellers anerkannt wurden, ist ein<br>nachtr\u00e4glicher Umtausch oder die R\u00fcckgabe grunds\u00e4tzlich ausgeschlossen.<\/p>\n\n\n\n<p><br>8. Haftungsauschluss<br>Nicht ausdr\u00fccklich in diesen Bedingungen zugestandene Schadensersatzanspr\u00fcche,<br>gleich aus welchem Rechtsgrund, insbesondere auch aus unerlaubter Handlung, sind<br>ausgeschlossen: dies gilt nicht, wenn der Schaden von uns oder unseren<br>Verrichtungs-\/Erf\u00fcllungsgehilfen vors\u00e4tzlich oder grob fahrl\u00e4ssig verursacht worden<br>ist oder eine Einstandsverpflichtung auch f\u00fcr einfache Fahrl\u00e4ssigkeit besteht, weil f\u00fcr<br>das Vertragsverh\u00e4ltnis wesentliche Pflichten oder sonstige Pflichten verletzt sind,<br>deren Nichterf\u00fcllung Schaden an Leib und Leben mit sich bringen. F\u00fcr den Fall<br>einfacher Fahrl\u00e4ssigkeit oder groben Verschuldens von<br>Erf\u00fcllungs\/Verrichtungsgehilfen ist unsere Haftung auf den Ersatz des typischen<br>voraussehbaren Schadens sowie des unmittelbaren Schadens beschr\u00e4nkt.<\/p>\n\n\n\n<p><br>9. Urheberrecht<br>a) Der Besteller ist f\u00fcr die eigenverantwortliche \u00dcberpr\u00fcfung der Rechte Dritter an<br>von ihm hereingegebenen Unterlagen, insbesondere zur Bearbeitung beigestellter<br>Unterlagen, allein verantwortlich. Dies gilt insbesondere auch f\u00fcr die Pr\u00fcfung des<br>Rechts der Vervielf\u00e4ltigung aller reproduktionsf\u00e4higen Vorlagen, wie Texte und Bilder.<br>Er stellt die axsysNET AG insofern von jeglicher Haftung f\u00fcr die Verletzung solcher<br>Rechte frei.<br>b) Das Urheberrecht und das Recht zur Vervielf\u00e4ltigung in jeglichem Verfahren und<br>zu jeglichem Verwendungszweck an unseren Entw\u00fcrfen, Anwendungsprogrammen<br>etc. verbleibt vorbehalten ausdr\u00fccklich anderweitiger Regelungen bei uns.<\/p>\n\n\n\n<p><br>10. Schlussbestimmung<br>a) Erf\u00fcllungsort ist Fellbach<br>b) Ist der Besteller Vollkaufmann, ist Stuttgart als Gerichtsstand vereinbart. Die<br>axsysNET AG ist daneben berechtigt, Anspr\u00fcche bei dem f\u00fcr den (Wohn-) Sitz oder<br>Aufenthaltsort des Kunden zust\u00e4ndigen Gerichtes geltend zu machen.<\/p>\n","protected":false},"excerpt":{"rendered":"<p>axsysNET AG | Ringstr. 71 | D-70736 Fellbach Geltunga) allen Lieferungen und Leistungen der Firma axsysNET AG, | Ringstr. 71 D-70736Fellbach, liegen diese allgemeinen Gesch\u00e4ftsbedingungen zugrunde. Abweichendeoder zus\u00e4tzliche Bedingungen und Vereinbarungen bed\u00fcrfen der Schriftform.Etwaige abweichende Vereinbarungen gelten nur f\u00fcr den Einzelvertrag.b) Unsere Angebote sind freibleibend. Bestellungen, Erg\u00e4nzungen und \u00c4nderungeneiner Bestellung sind erst angenommen, wenn sie [&hellip;]<\/p>\n","protected":false},"author":1,"featured_media":0,"parent":0,"menu_order":0,"comment_status":"closed","ping_status":"closed","template":"","meta":{"_et_pb_use_builder":"off","_et_pb_old_content":""},"_links":{"self":[{"href":"https:\/\/axsysnet.de\/Home\/wp-json\/wp\/v2\/pages\/89"}],"collection":[{"href":"https:\/\/axsysnet.de\/Home\/wp-json\/wp\/v2\/pages"}],"about":[{"href":"https:\/\/axsysnet.de\/Home\/wp-json\/wp\/v2\/types\/page"}],"author":[{"embeddable":true,"href":"https:\/\/axsysnet.de\/Home\/wp-json\/wp\/v2\/users\/1"}],"replies":[{"embeddable":true,"href":"https:\/\/axsysnet.de\/Home\/wp-json\/wp\/v2\/comments?post=89"}],"version-history":[{"count":6,"href":"https:\/\/axsysnet.de\/Home\/wp-json\/wp\/v2\/pages\/89\/revisions"}],"predecessor-version":[{"id":233,"href":"https:\/\/axsysnet.de\/Home\/wp-json\/wp\/v2\/pages\/89\/revisions\/233"}],"wp:attachment":[{"href":"https:\/\/axsysnet.de\/Home\/wp-json\/wp\/v2\/media?parent=89"}],"curies":[{"name":"wp","href":"https:\/\/api.w.org\/{rel}","templated":true}]}}